{"id":1162,"date":"2020-05-11T12:24:42","date_gmt":"2020-05-11T10:24:42","guid":{"rendered":"http:\/\/www.musiquem.fr\/college\/?page_id=1162"},"modified":"2020-05-20T10:32:40","modified_gmt":"2020-05-20T08:32:40","slug":"4eme-devoirs-semaines-6","status":"publish","type":"page","link":"http:\/\/www.musiquem.fr\/college\/4eme-devoirs-semaines-6\/","title":{"rendered":"4\u00e8me devoirs semaines 6"},"content":{"rendered":"<p>Regardez la vid\u00e9o ci-dessous et essayez de r\u00e9pondre aux questions associ\u00e9es pendant le visionnage.<\/p>\n<p><video controls=\"controls\" width=\"100%\" height=\"100%\"><span data-mce-type=\"bookmark\" style=\"display: inline-block; width: 0px; overflow: hidden; line-height: 0;\" class=\"mce_SELRES_start\">\ufeff<\/span><source src=\"http:\/\/www.musiquem.fr\/provisoire\/smartphone.mp4\" type=\"video\/mp4\" \/><span data-mce-type=\"bookmark\" style=\"display: inline-block; width: 0px; overflow: hidden; line-height: 0;\" class=\"mce_SELRES_end\">\ufeff<\/span><\/video><\/p>\n<ol>\n<li>Qu\u2019est-ce qu\u2019un gramophone\u2009? Quand sont apparus les premiers phonographes\u2009?<\/li>\n<li>Le son est une vibration de l\u2019air qu\u2019on appelle une onde sonore, vrai ou faux\u2009?<\/li>\n<li>Sur quels supports le son peut-il \u00eatre enregistr\u00e9\u2009?<\/li>\n<li>Qu\u2019est-ce qu\u2019un microphone\u2009? Que permet-il de convertir en signal \u00e9lectrique\u2009?<\/li>\n<li>Quand est apparu le CD\u2009?<\/li>\n<li>Combien de temps peut durer l\u2019enregistrement contenu sur un CD\u2009?<\/li>\n<li>Le CD contient-il la gravure d\u2019un signal analogique ou d\u2019un signal num\u00e9rique\u2009?<\/li>\n<li>Qu\u2019est-ce qu\u2019un signal num\u00e9rique\u2009?<\/li>\n<li>Pourquoi le son est-il compress\u00e9 sur nos smartphones ou nos ordinateurs\u2009?<\/li>\n<li>Le mp3 est un syst\u00e8me de compression qui permet de supprimer certaines fr\u00e9quences aigu\u00ebs du son. Vrai ou faux\u2009?<\/li>\n<li>Le son d\u2019un mp3 est de meilleure qualit\u00e9 que le son d\u2019un CD. Vrai ou faux\u2009? Pourquoi\u2009?<\/li>\n<\/ol>\n","protected":false},"excerpt":{"rendered":"<p>Regardez la vid\u00e9o ci-dessous et essayez de r\u00e9pondre aux questions associ\u00e9es pendant le visionnage. \ufeff\ufeff Qu\u2019est-ce qu\u2019un gramophone\u2009? Quand sont apparus les premiers phonographes\u2009? Le son est une vibration de l\u2019air qu\u2019on appelle une onde sonore, vrai ou faux\u2009? Sur quels supports le son peut-il \u00eatre enregistr\u00e9\u2009? Qu\u2019est-ce qu\u2019un microphone\u2009? Que permet-il de convertir en &hellip; <a href=\"http:\/\/www.musiquem.fr\/college\/4eme-devoirs-semaines-6\/\" class=\"more-link\">Continuer la lecture de <span class=\"screen-reader-text\">4\u00e8me devoirs semaines 6<\/span>  <span class=\"meta-nav\">&rarr;<\/span><\/a><\/p>\n","protected":false},"author":1,"featured_media":0,"parent":0,"menu_order":0,"comment_status":"closed","ping_status":"closed","template":"","meta":{"footnotes":""},"class_list":["post-1162","page","type-page","status-publish","hentry"],"_links":{"self":[{"href":"http:\/\/www.musiquem.fr\/college\/wp-json\/wp\/v2\/pages\/1162","targetHints":{"allow":["GET"]}}],"collection":[{"href":"http:\/\/www.musiquem.fr\/college\/wp-json\/wp\/v2\/pages"}],"about":[{"href":"http:\/\/www.musiquem.fr\/college\/wp-json\/wp\/v2\/types\/page"}],"author":[{"embeddable":true,"href":"http:\/\/www.musiquem.fr\/college\/wp-json\/wp\/v2\/users\/1"}],"replies":[{"embeddable":true,"href":"http:\/\/www.musiquem.fr\/college\/wp-json\/wp\/v2\/comments?post=1162"}],"version-history":[{"count":6,"href":"http:\/\/www.musiquem.fr\/college\/wp-json\/wp\/v2\/pages\/1162\/revisions"}],"predecessor-version":[{"id":1207,"href":"http:\/\/www.musiquem.fr\/college\/wp-json\/wp\/v2\/pages\/1162\/revisions\/1207"}],"wp:attachment":[{"href":"http:\/\/www.musiquem.fr\/college\/wp-json\/wp\/v2\/media?parent=1162"}],"curies":[{"name":"wp","href":"https:\/\/api.w.org\/{rel}","templated":true}]}}