{"id":1325,"date":"2020-08-02T19:28:35","date_gmt":"2020-08-02T17:28:35","guid":{"rendered":"http:\/\/www.musiquem.fr\/college\/?page_id=1325"},"modified":"2020-08-05T10:52:15","modified_gmt":"2020-08-05T08:52:15","slug":"1ere-eds","status":"publish","type":"page","link":"http:\/\/www.musiquem.fr\/college\/1ere-eds\/","title":{"rendered":"1\u00e8re eds"},"content":{"rendered":"\n<p class=\"has-text-color has-green-color\"><strong>Les comp\u00e9tences travaill\u00e9es en<\/strong> <strong>sp\u00e9cialit\u00e9 musique<\/strong><\/p>\n\n\n\n<div class=\"wp-block-image\"><figure class=\"aligncenter size-large is-resized\"><a href=\"http:\/\/www.musiquem.fr\/college\/competences-travaillees-en-specialite-musique\/\"><img loading=\"lazy\" decoding=\"async\" src=\"http:\/\/www.musiquem.fr\/college\/wp-content\/uploads\/2020\/08\/comp\u00e9tences-1024x1024.jpg\" alt=\"\" class=\"wp-image-1358\" width=\"134\" height=\"134\" srcset=\"http:\/\/www.musiquem.fr\/college\/wp-content\/uploads\/2020\/08\/comp\u00e9tences-1024x1024.jpg 1024w, http:\/\/www.musiquem.fr\/college\/wp-content\/uploads\/2020\/08\/comp\u00e9tences-300x300.jpg 300w, http:\/\/www.musiquem.fr\/college\/wp-content\/uploads\/2020\/08\/comp\u00e9tences-150x150.jpg 150w, http:\/\/www.musiquem.fr\/college\/wp-content\/uploads\/2020\/08\/comp\u00e9tences-768x768.jpg 768w, http:\/\/www.musiquem.fr\/college\/wp-content\/uploads\/2020\/08\/comp\u00e9tences.jpg 1200w\" sizes=\"auto, (max-width: 134px) 100vw, 134px\" \/><\/a><\/figure><\/div>\n\n\n\n<p><\/p>\n","protected":false},"excerpt":{"rendered":"<p>Les comp\u00e9tences travaill\u00e9es en sp\u00e9cialit\u00e9 musique<\/p>\n","protected":false},"author":1,"featured_media":0,"parent":0,"menu_order":0,"comment_status":"closed","ping_status":"closed","template":"","meta":{"footnotes":""},"class_list":["post-1325","page","type-page","status-publish","hentry"],"_links":{"self":[{"href":"http:\/\/www.musiquem.fr\/college\/wp-json\/wp\/v2\/pages\/1325","targetHints":{"allow":["GET"]}}],"collection":[{"href":"http:\/\/www.musiquem.fr\/college\/wp-json\/wp\/v2\/pages"}],"about":[{"href":"http:\/\/www.musiquem.fr\/college\/wp-json\/wp\/v2\/types\/page"}],"author":[{"embeddable":true,"href":"http:\/\/www.musiquem.fr\/college\/wp-json\/wp\/v2\/users\/1"}],"replies":[{"embeddable":true,"href":"http:\/\/www.musiquem.fr\/college\/wp-json\/wp\/v2\/comments?post=1325"}],"version-history":[{"count":5,"href":"http:\/\/www.musiquem.fr\/college\/wp-json\/wp\/v2\/pages\/1325\/revisions"}],"predecessor-version":[{"id":1373,"href":"http:\/\/www.musiquem.fr\/college\/wp-json\/wp\/v2\/pages\/1325\/revisions\/1373"}],"wp:attachment":[{"href":"http:\/\/www.musiquem.fr\/college\/wp-json\/wp\/v2\/media?parent=1325"}],"curies":[{"name":"wp","href":"https:\/\/api.w.org\/{rel}","templated":true}]}}