{"id":1327,"date":"2020-08-02T19:28:55","date_gmt":"2020-08-02T17:28:55","guid":{"rendered":"http:\/\/www.musiquem.fr\/college\/?page_id=1327"},"modified":"2020-08-05T11:14:30","modified_gmt":"2020-08-05T09:14:30","slug":"terminale-eds","status":"publish","type":"page","link":"http:\/\/www.musiquem.fr\/college\/terminale-eds\/","title":{"rendered":"terminale eds"},"content":{"rendered":"\n<p class=\"has-text-color has-green-color\"><strong>Les comp\u00e9tences travaill\u00e9es en<\/strong> <strong>sp\u00e9cialit\u00e9 musique<\/strong><\/p>\n\n\n\n<div class=\"wp-block-image\"><figure class=\"aligncenter size-large is-resized\"><a href=\"http:\/\/www.musiquem.fr\/college\/competences-travaillees-en-specialite-musique\/\"><img loading=\"lazy\" decoding=\"async\" src=\"http:\/\/www.musiquem.fr\/college\/wp-content\/uploads\/2020\/08\/comp\u00e9tences-1024x1024.jpg\" alt=\"\" class=\"wp-image-1358\" width=\"134\" height=\"134\" srcset=\"http:\/\/www.musiquem.fr\/college\/wp-content\/uploads\/2020\/08\/comp\u00e9tences-1024x1024.jpg 1024w, http:\/\/www.musiquem.fr\/college\/wp-content\/uploads\/2020\/08\/comp\u00e9tences-300x300.jpg 300w, http:\/\/www.musiquem.fr\/college\/wp-content\/uploads\/2020\/08\/comp\u00e9tences-150x150.jpg 150w, http:\/\/www.musiquem.fr\/college\/wp-content\/uploads\/2020\/08\/comp\u00e9tences-768x768.jpg 768w, http:\/\/www.musiquem.fr\/college\/wp-content\/uploads\/2020\/08\/comp\u00e9tences.jpg 1200w\" sizes=\"auto, (max-width: 134px) 100vw, 134px\" \/><\/a><\/figure><\/div>\n\n\n\n<p class=\"has-text-color has-green-color\"><strong>Quatuor n\u00b08, Dimitri Chostakovitch<\/strong><\/p>\n\n\n\n<div class=\"wp-block-image\"><figure class=\"aligncenter size-large is-resized\"><a href=\"http:\/\/www.musiquem.fr\/college\/quatuor-n8-dimitri-chostakovitch\/\"><img loading=\"lazy\" decoding=\"async\" src=\"http:\/\/www.musiquem.fr\/college\/wp-content\/uploads\/2020\/08\/chostakovitch.png\" alt=\"\" class=\"wp-image-1384\" width=\"250\" height=\"142\" srcset=\"http:\/\/www.musiquem.fr\/college\/wp-content\/uploads\/2020\/08\/chostakovitch.png 544w, http:\/\/www.musiquem.fr\/college\/wp-content\/uploads\/2020\/08\/chostakovitch-300x171.png 300w\" sizes=\"auto, (max-width: 250px) 100vw, 250px\" \/><\/a><\/figure><\/div>\n\n\n\n<p class=\"has-text-color has-green-color\"><strong>Les Sauvages, Les Indes galantes, J.P. Rameau, C. Cogitore<\/strong><\/p>\n\n\n\n<div class=\"wp-block-image\"><figure class=\"aligncenter size-large is-resized\"><a href=\"http:\/\/www.musiquem.fr\/college\/les-sauvages-les-indes-galantes-j-p-rameau-c-cogitore\/\"><img loading=\"lazy\" decoding=\"async\" src=\"http:\/\/www.musiquem.fr\/college\/wp-content\/uploads\/2020\/08\/Sauvages.png\" alt=\"\" class=\"wp-image-1383\" width=\"251\" height=\"168\" srcset=\"http:\/\/www.musiquem.fr\/college\/wp-content\/uploads\/2020\/08\/Sauvages.png 926w, http:\/\/www.musiquem.fr\/college\/wp-content\/uploads\/2020\/08\/Sauvages-300x201.png 300w, http:\/\/www.musiquem.fr\/college\/wp-content\/uploads\/2020\/08\/Sauvages-768x514.png 768w\" sizes=\"auto, (max-width: 251px) 100vw, 251px\" \/><\/a><\/figure><\/div>\n\n\n\n<p class=\"has-text-color has-green-color\"><strong>You had it coming, Jeff Beck<\/strong><\/p>\n\n\n\n<div class=\"wp-block-image\"><figure class=\"aligncenter size-large is-resized\"><a href=\"http:\/\/www.musiquem.fr\/college\/you-had-it-coming-jeff-beck\/\"><img loading=\"lazy\" decoding=\"async\" src=\"http:\/\/www.musiquem.fr\/college\/wp-content\/uploads\/2020\/08\/jeff-beck.png\" alt=\"\" class=\"wp-image-1382\" width=\"251\" height=\"166\" srcset=\"http:\/\/www.musiquem.fr\/college\/wp-content\/uploads\/2020\/08\/jeff-beck.png 934w, http:\/\/www.musiquem.fr\/college\/wp-content\/uploads\/2020\/08\/jeff-beck-300x200.png 300w, http:\/\/www.musiquem.fr\/college\/wp-content\/uploads\/2020\/08\/jeff-beck-768x511.png 768w\" sizes=\"auto, (max-width: 251px) 100vw, 251px\" \/><\/a><\/figure><\/div>\n","protected":false},"excerpt":{"rendered":"<p>Les comp\u00e9tences travaill\u00e9es en sp\u00e9cialit\u00e9 musique Quatuor n\u00b08, Dimitri Chostakovitch Les Sauvages, Les Indes galantes, J.P. Rameau, C. Cogitore You had it coming, Jeff Beck<\/p>\n","protected":false},"author":1,"featured_media":0,"parent":0,"menu_order":0,"comment_status":"closed","ping_status":"closed","template":"","meta":{"footnotes":""},"class_list":["post-1327","page","type-page","status-publish","hentry"],"_links":{"self":[{"href":"http:\/\/www.musiquem.fr\/college\/wp-json\/wp\/v2\/pages\/1327","targetHints":{"allow":["GET"]}}],"collection":[{"href":"http:\/\/www.musiquem.fr\/college\/wp-json\/wp\/v2\/pages"}],"about":[{"href":"http:\/\/www.musiquem.fr\/college\/wp-json\/wp\/v2\/types\/page"}],"author":[{"embeddable":true,"href":"http:\/\/www.musiquem.fr\/college\/wp-json\/wp\/v2\/users\/1"}],"replies":[{"embeddable":true,"href":"http:\/\/www.musiquem.fr\/college\/wp-json\/wp\/v2\/comments?post=1327"}],"version-history":[{"count":4,"href":"http:\/\/www.musiquem.fr\/college\/wp-json\/wp\/v2\/pages\/1327\/revisions"}],"predecessor-version":[{"id":1387,"href":"http:\/\/www.musiquem.fr\/college\/wp-json\/wp\/v2\/pages\/1327\/revisions\/1387"}],"wp:attachment":[{"href":"http:\/\/www.musiquem.fr\/college\/wp-json\/wp\/v2\/media?parent=1327"}],"curies":[{"name":"wp","href":"https:\/\/api.w.org\/{rel}","templated":true}]}}