{"id":1374,"date":"2020-08-05T10:54:24","date_gmt":"2020-08-05T08:54:24","guid":{"rendered":"http:\/\/www.musiquem.fr\/college\/?page_id=1374"},"modified":"2020-11-09T16:13:04","modified_gmt":"2020-11-09T15:13:04","slug":"les-sauvages-les-indes-galantes-j-p-rameau-c-cogitore","status":"publish","type":"page","link":"http:\/\/www.musiquem.fr\/college\/les-sauvages-les-indes-galantes-j-p-rameau-c-cogitore\/","title":{"rendered":"Les sauvages, Les indes galantes, J.P. Rameau, C. Cogitore"},"content":{"rendered":"\n<p>Genially sur la 4\u00e8me entr\u00e9e<\/p>\n\n\n\n<div class=\"container-wrapper-genially\" style=\"position: relative; mtop: 0; left: -175px; width: 175%; height: 175%;\"><video class=\"loader-genially\" autoplay=\"autoplay\" loop=\"loop\" playsinline=\"playsInline\" muted=\"muted\" style=\"position: absolute;top: 45%;left: 50%;transform: translate(-50%, -50%);width: 80px;height: 80px;margin-bottom: 10%\"><source src=\"https:\/\/static.genial.ly\/resources\/panel-loader-low.mp4\" type=\"video\/mp4\" \/>Your browser does not support the video tag.<\/video><div id=\"5edbbd67c4c47d0d72cdc5cb\" class=\"genially-embed\" style=\"margin: 0px auto; position: relative; height: auto; width: 100%;\"><\/div><\/div><script>(function (d) { var js, id = \"genially-embed-js\", ref = d.getElementsByTagName(\"script\")[0]; if (d.getElementById(id)) { return; } js = d.createElement(\"script\"); js.id = id; js.async = true; js.src = \"https:\/\/view.genial.ly\/static\/embed\/embed.js\"; ref.parentNode.insertBefore(js, ref); }(document));<\/script>\n\n\n\n<p>Genial.ly r\u00e9alis\u00e9 par Caroline Viv\u00e8s et Pauline Borrel<\/p>\n\n\n\n<p>Ci-dessous, une playlist regroupant plusieurs vid\u00e9os autour de l\u2019\u0153uvre<\/p>\n\n\n\n<iframe loading=\"lazy\" width=\"560\" height=\"315\" src=\"https:\/\/www.youtube.com\/embed\/videoseries?list=PL6Gfid79JvFRI3mCfdCkVgavu5Mz6XkQW\" frameborder=\"0\" allow=\"accelerometer; autoplay; encrypted-media; gyroscope; picture-in-picture\" allowfullscreen=\"\"><\/iframe>\n","protected":false},"excerpt":{"rendered":"<p>Genially sur la 4\u00e8me entr\u00e9e Your browser does not support the video tag. Genial.ly r\u00e9alis\u00e9 par Caroline Viv\u00e8s et Pauline Borrel Ci-dessous, une playlist regroupant plusieurs vid\u00e9os autour de l\u2019\u0153uvre<\/p>\n","protected":false},"author":1,"featured_media":0,"parent":0,"menu_order":0,"comment_status":"closed","ping_status":"closed","template":"","meta":{"footnotes":""},"class_list":["post-1374","page","type-page","status-publish","hentry"],"_links":{"self":[{"href":"http:\/\/www.musiquem.fr\/college\/wp-json\/wp\/v2\/pages\/1374","targetHints":{"allow":["GET"]}}],"collection":[{"href":"http:\/\/www.musiquem.fr\/college\/wp-json\/wp\/v2\/pages"}],"about":[{"href":"http:\/\/www.musiquem.fr\/college\/wp-json\/wp\/v2\/types\/page"}],"author":[{"embeddable":true,"href":"http:\/\/www.musiquem.fr\/college\/wp-json\/wp\/v2\/users\/1"}],"replies":[{"embeddable":true,"href":"http:\/\/www.musiquem.fr\/college\/wp-json\/wp\/v2\/comments?post=1374"}],"version-history":[{"count":8,"href":"http:\/\/www.musiquem.fr\/college\/wp-json\/wp\/v2\/pages\/1374\/revisions"}],"predecessor-version":[{"id":1971,"href":"http:\/\/www.musiquem.fr\/college\/wp-json\/wp\/v2\/pages\/1374\/revisions\/1971"}],"wp:attachment":[{"href":"http:\/\/www.musiquem.fr\/college\/wp-json\/wp\/v2\/media?parent=1374"}],"curies":[{"name":"wp","href":"https:\/\/api.w.org\/{rel}","templated":true}]}}