{"id":1467,"date":"2020-08-24T12:14:13","date_gmt":"2020-08-24T10:14:13","guid":{"rendered":"http:\/\/www.musiquem.fr\/college\/?page_id=1467"},"modified":"2021-04-11T11:28:33","modified_gmt":"2021-04-11T09:28:33","slug":"quizz-musicaux","status":"publish","type":"page","link":"http:\/\/www.musiquem.fr\/college\/quizz-musicaux\/","title":{"rendered":"Quiz musicaux"},"content":{"rendered":"\n<p>L&rsquo;id\u00e9e est d&rsquo;acqu\u00e9rir quelques r\u00e9f\u00e9rences musicales \u00e0 partir de quizz musicaux. <\/p>\n\n\n\n<p>Ces quizz musicaux sont r\u00e9serv\u00e9s aux \u00e9l\u00e8ves de la section musique du lyc\u00e9e. En effet, un mot de passe vous sera demand\u00e9 pour acc\u00e9der aux diff\u00e9rentes pages.<\/p>\n\n\n\n<p><a href=\"http:\/\/www.musiquem.fr\/college\/quizz-chanson-francaise\/\">=> Quiz \u00ab\u00a0chanson fran\u00e7aise\u00a0\u00bb<\/a><\/p>\n\n\n\n<p><a href=\"http:\/\/www.musiquem.fr\/college\/quizz-musique-classique\/\">=> Quiz \u00ab\u00a0musique classique\u00a0\u00bb<\/a><\/p>\n\n\n\n<p><a href=\"http:\/\/www.musiquem.fr\/college\/quizz-jazz\/\">=> Quiz \u00ab\u00a0jazz\u00a0\u00bb<\/a><\/p>\n\n\n\n<p>=> Quizz \u00ab\u00a0opera\u00a0\u00bb<\/p>\n\n\n\n<p><a href=\"http:\/\/www.musiquem.fr\/college\/quiz-styles-musicaux\/\">=> Quiz \u00ab\u00a0styles musicaux\u00a0\u00bb<\/a><\/p>\n\n\n\n<p><a href=\"http:\/\/www.musiquem.fr\/college\/quizz-rock\/\">=> Quiz \u00ab\u00a0rock\u00a0\u00bb<\/a><\/p>\n\n\n\n<p><\/p>\n","protected":false},"excerpt":{"rendered":"<p>L&rsquo;id\u00e9e est d&rsquo;acqu\u00e9rir quelques r\u00e9f\u00e9rences musicales \u00e0 partir de quizz musicaux. Ces quizz musicaux sont r\u00e9serv\u00e9s aux \u00e9l\u00e8ves de la section musique du lyc\u00e9e. En effet, un mot de passe vous sera demand\u00e9 pour acc\u00e9der aux diff\u00e9rentes pages. => Quiz \u00ab\u00a0chanson fran\u00e7aise\u00a0\u00bb => Quiz \u00ab\u00a0musique classique\u00a0\u00bb => Quiz \u00ab\u00a0jazz\u00a0\u00bb => Quizz \u00ab\u00a0opera\u00a0\u00bb => Quiz \u00ab\u00a0styles &hellip; <a href=\"http:\/\/www.musiquem.fr\/college\/quizz-musicaux\/\" class=\"more-link\">Continuer la lecture de <span class=\"screen-reader-text\">Quiz musicaux<\/span>  <span class=\"meta-nav\">&rarr;<\/span><\/a><\/p>\n","protected":false},"author":1,"featured_media":0,"parent":0,"menu_order":0,"comment_status":"closed","ping_status":"closed","template":"","meta":{"footnotes":""},"class_list":["post-1467","page","type-page","status-publish","hentry"],"_links":{"self":[{"href":"http:\/\/www.musiquem.fr\/college\/wp-json\/wp\/v2\/pages\/1467","targetHints":{"allow":["GET"]}}],"collection":[{"href":"http:\/\/www.musiquem.fr\/college\/wp-json\/wp\/v2\/pages"}],"about":[{"href":"http:\/\/www.musiquem.fr\/college\/wp-json\/wp\/v2\/types\/page"}],"author":[{"embeddable":true,"href":"http:\/\/www.musiquem.fr\/college\/wp-json\/wp\/v2\/users\/1"}],"replies":[{"embeddable":true,"href":"http:\/\/www.musiquem.fr\/college\/wp-json\/wp\/v2\/comments?post=1467"}],"version-history":[{"count":8,"href":"http:\/\/www.musiquem.fr\/college\/wp-json\/wp\/v2\/pages\/1467\/revisions"}],"predecessor-version":[{"id":2102,"href":"http:\/\/www.musiquem.fr\/college\/wp-json\/wp\/v2\/pages\/1467\/revisions\/2102"}],"wp:attachment":[{"href":"http:\/\/www.musiquem.fr\/college\/wp-json\/wp\/v2\/media?parent=1467"}],"curies":[{"name":"wp","href":"https:\/\/api.w.org\/{rel}","templated":true}]}}