{"id":1842,"date":"2020-08-27T13:19:50","date_gmt":"2020-08-27T11:19:50","guid":{"rendered":"http:\/\/www.musiquem.fr\/college\/?page_id=1842"},"modified":"2020-08-27T13:19:50","modified_gmt":"2020-08-27T11:19:50","slug":"ecole-du-spectateur-le-carnet-de-bord","status":"publish","type":"page","link":"http:\/\/www.musiquem.fr\/college\/ecole-du-spectateur-le-carnet-de-bord\/","title":{"rendered":"\u00c9cole du spectateur : le carnet de bord"},"content":{"rendered":"\n<p>La tenue d\u2019un \u00ab&nbsp;carnet de bord&nbsp;\u00bb vous sera demand\u00e9e. Conserv\u00e9 ann\u00e9e apr\u00e8s ann\u00e9e, celui-ci sera le t\u00e9moin de toutes vos exp\u00e9riences artistiques en tant qu\u2019auditeur\/spectateur. En effet, vous pourrez parler d\u2019un enregistrement, d\u2019un artiste, d\u2019un spectacle que vous avez vu, d\u2019une exposition, d\u2019un film\u2026 et apporter votre point de vue critique. Au fur et \u00e0 mesure, vous essaierez d\u2019aff\u00fbter votre regard\/\u00e9coute critique en d\u00e9veloppant vos capacit\u00e9s d\u2019analyse.<\/p>\n\n\n\n<p>Les sorties organis\u00e9es par le lyc\u00e9e devront obligatoirement figurer dans ce livret, mais tu pourras aussi aborder des exp\u00e9riences plus personnelles.<\/p>\n\n\n\n<figure class=\"wp-block-image size-large\"><img loading=\"lazy\" decoding=\"async\" width=\"1024\" height=\"685\" src=\"http:\/\/www.musiquem.fr\/college\/wp-content\/uploads\/2020\/08\/Capture-d\u2019\u00e9cran-2020-08-27-\u00e0-13.18.39-1024x685.png\" alt=\"\" class=\"wp-image-1843\" srcset=\"http:\/\/www.musiquem.fr\/college\/wp-content\/uploads\/2020\/08\/Capture-d\u2019\u00e9cran-2020-08-27-\u00e0-13.18.39-1024x685.png 1024w, http:\/\/www.musiquem.fr\/college\/wp-content\/uploads\/2020\/08\/Capture-d\u2019\u00e9cran-2020-08-27-\u00e0-13.18.39-300x201.png 300w, http:\/\/www.musiquem.fr\/college\/wp-content\/uploads\/2020\/08\/Capture-d\u2019\u00e9cran-2020-08-27-\u00e0-13.18.39-768x514.png 768w, http:\/\/www.musiquem.fr\/college\/wp-content\/uploads\/2020\/08\/Capture-d\u2019\u00e9cran-2020-08-27-\u00e0-13.18.39-1536x1027.png 1536w, http:\/\/www.musiquem.fr\/college\/wp-content\/uploads\/2020\/08\/Capture-d\u2019\u00e9cran-2020-08-27-\u00e0-13.18.39.png 1666w\" sizes=\"auto, (max-width: 1024px) 100vw, 1024px\" \/><\/figure>\n\n\n\n<figure class=\"wp-block-image size-large\"><img loading=\"lazy\" decoding=\"async\" width=\"1024\" height=\"587\" src=\"http:\/\/www.musiquem.fr\/college\/wp-content\/uploads\/2020\/08\/Capture-d\u2019\u00e9cran-2020-08-27-\u00e0-13.18.49-1024x587.png\" alt=\"\" class=\"wp-image-1844\" srcset=\"http:\/\/www.musiquem.fr\/college\/wp-content\/uploads\/2020\/08\/Capture-d\u2019\u00e9cran-2020-08-27-\u00e0-13.18.49-1024x587.png 1024w, http:\/\/www.musiquem.fr\/college\/wp-content\/uploads\/2020\/08\/Capture-d\u2019\u00e9cran-2020-08-27-\u00e0-13.18.49-300x172.png 300w, http:\/\/www.musiquem.fr\/college\/wp-content\/uploads\/2020\/08\/Capture-d\u2019\u00e9cran-2020-08-27-\u00e0-13.18.49-768x440.png 768w, http:\/\/www.musiquem.fr\/college\/wp-content\/uploads\/2020\/08\/Capture-d\u2019\u00e9cran-2020-08-27-\u00e0-13.18.49-1536x881.png 1536w, http:\/\/www.musiquem.fr\/college\/wp-content\/uploads\/2020\/08\/Capture-d\u2019\u00e9cran-2020-08-27-\u00e0-13.18.49.png 1786w\" sizes=\"auto, (max-width: 1024px) 100vw, 1024px\" \/><\/figure>\n","protected":false},"excerpt":{"rendered":"<p>La tenue d\u2019un \u00ab&nbsp;carnet de bord&nbsp;\u00bb vous sera demand\u00e9e. Conserv\u00e9 ann\u00e9e apr\u00e8s ann\u00e9e, celui-ci sera le t\u00e9moin de toutes vos exp\u00e9riences artistiques en tant qu\u2019auditeur\/spectateur. En effet, vous pourrez parler d\u2019un enregistrement, d\u2019un artiste, d\u2019un spectacle que vous avez vu, d\u2019une exposition, d\u2019un film\u2026 et apporter votre point de vue critique. Au fur et \u00e0 &hellip; <a href=\"http:\/\/www.musiquem.fr\/college\/ecole-du-spectateur-le-carnet-de-bord\/\" class=\"more-link\">Continuer la lecture de <span class=\"screen-reader-text\">\u00c9cole du spectateur : le carnet de bord<\/span>  <span class=\"meta-nav\">&rarr;<\/span><\/a><\/p>\n","protected":false},"author":1,"featured_media":0,"parent":0,"menu_order":0,"comment_status":"closed","ping_status":"closed","template":"","meta":{"footnotes":""},"class_list":["post-1842","page","type-page","status-publish","hentry"],"_links":{"self":[{"href":"http:\/\/www.musiquem.fr\/college\/wp-json\/wp\/v2\/pages\/1842","targetHints":{"allow":["GET"]}}],"collection":[{"href":"http:\/\/www.musiquem.fr\/college\/wp-json\/wp\/v2\/pages"}],"about":[{"href":"http:\/\/www.musiquem.fr\/college\/wp-json\/wp\/v2\/types\/page"}],"author":[{"embeddable":true,"href":"http:\/\/www.musiquem.fr\/college\/wp-json\/wp\/v2\/users\/1"}],"replies":[{"embeddable":true,"href":"http:\/\/www.musiquem.fr\/college\/wp-json\/wp\/v2\/comments?post=1842"}],"version-history":[{"count":1,"href":"http:\/\/www.musiquem.fr\/college\/wp-json\/wp\/v2\/pages\/1842\/revisions"}],"predecessor-version":[{"id":1845,"href":"http:\/\/www.musiquem.fr\/college\/wp-json\/wp\/v2\/pages\/1842\/revisions\/1845"}],"wp:attachment":[{"href":"http:\/\/www.musiquem.fr\/college\/wp-json\/wp\/v2\/media?parent=1842"}],"curies":[{"name":"wp","href":"https:\/\/api.w.org\/{rel}","templated":true}]}}