{"id":198,"date":"2016-12-30T12:06:48","date_gmt":"2016-12-30T11:06:48","guid":{"rendered":"http:\/\/www.musiquem.fr\/college\/?page_id=198"},"modified":"2020-05-20T10:44:57","modified_gmt":"2020-05-20T08:44:57","slug":"sequence-3-4eme-les-risques-auditifs","status":"publish","type":"page","link":"http:\/\/www.musiquem.fr\/college\/sequence-3-4eme-les-risques-auditifs\/","title":{"rendered":"S\u00e9quence 4 &#8211; 4\u00e8me : les risques auditifs"},"content":{"rendered":"<p><a href=\"http:\/\/www.musiquem.fr\/college\/wp-content\/uploads\/2016\/12\/Capture20dC3A9cran202016-12-302010.47.29.png\"><img loading=\"lazy\" decoding=\"async\" class=\"aligncenter wp-image-201\" src=\"http:\/\/www.musiquem.fr\/college\/wp-content\/uploads\/2016\/12\/Capture20dC3A9cran202016-12-302010.47.29-720x1024.png\" alt=\"capture%20d%c3%a9cran%202016-12-30%2010-47-29\" width=\"258\" height=\"367\" srcset=\"http:\/\/www.musiquem.fr\/college\/wp-content\/uploads\/2016\/12\/Capture20dC3A9cran202016-12-302010.47.29-720x1024.png 720w, http:\/\/www.musiquem.fr\/college\/wp-content\/uploads\/2016\/12\/Capture20dC3A9cran202016-12-302010.47.29-211x300.png 211w, http:\/\/www.musiquem.fr\/college\/wp-content\/uploads\/2016\/12\/Capture20dC3A9cran202016-12-302010.47.29-768x1092.png 768w, http:\/\/www.musiquem.fr\/college\/wp-content\/uploads\/2016\/12\/Capture20dC3A9cran202016-12-302010.47.29.png 1090w\" sizes=\"auto, (max-width: 258px) 100vw, 258px\" \/><\/a><\/p>\n<p><a href=\"https:\/\/padlet.com\/monceaux35\/gwlxph0dayp6\">Acc\u00e9der au padlet<\/a><\/p>\n<p>D\u00e9poser les exercices sur le padlet en cliquant sur le lien de votre classe ci-dessous\u00a0:<\/p>\n<p><a href=\"https:\/\/padlet.com\/monceaux35\/vt27gzbr3v4\">4e\u00a0PAB<\/a><\/p>\n<p><a href=\"https:\/\/padlet.com\/monceaux35\/cp4lceo4ja8n\">4e\u00a0Gr\u00e8ce<\/a><\/p>\n<p><a href=\"https:\/\/padlet.com\/monceaux35\/maxasa9lkbwz\">4e\u00a0Pologne<\/a><\/p>\n<p><a href=\"https:\/\/padlet.com\/monceaux35\/2xs3nhnwculx\">4e\u00a0Su\u00e8de<\/a><\/p>\n<p><a href=\"https:\/\/padlet.com\/monceaux35\/7s11kgbww88h\">4e\u00a0Luxembourg<\/a><\/p>\n<p>&nbsp;<\/p>\n<p>Comment d\u00e9poser un fichier sur un padlet\u2009? Regarder la vid\u00e9o ci-dessous.<\/p>\n<p><iframe loading=\"lazy\" src=\"https:\/\/www.youtube.com\/embed\/tZQ4SPuFzC8?rel=0\" width=\"560\" height=\"315\" frameborder=\"0\" allowfullscreen=\"allowfullscreen\"><\/iframe><\/p>\n<p>Tester le mat\u00e9riel chez soi en t\u00e9l\u00e9chargeant ces 3\u00a0extraits\u00a0:<\/p>\n<p><img loading=\"lazy\" decoding=\"async\" class=\"aligncenter size-large wp-image-265\" src=\"http:\/\/www.musiquem.fr\/college\/wp-content\/uploads\/2016\/12\/image-qualit\u00e9-du-son-1024x149.png\" alt=\"image qualit\u00e9 du son\" width=\"840\" height=\"122\" srcset=\"http:\/\/www.musiquem.fr\/college\/wp-content\/uploads\/2016\/12\/image-qualit\u00e9-du-son-1024x149.png 1024w, http:\/\/www.musiquem.fr\/college\/wp-content\/uploads\/2016\/12\/image-qualit\u00e9-du-son-300x44.png 300w, http:\/\/www.musiquem.fr\/college\/wp-content\/uploads\/2016\/12\/image-qualit\u00e9-du-son-768x112.png 768w, http:\/\/www.musiquem.fr\/college\/wp-content\/uploads\/2016\/12\/image-qualit\u00e9-du-son-1200x175.png 1200w, http:\/\/www.musiquem.fr\/college\/wp-content\/uploads\/2016\/12\/image-qualit\u00e9-du-son.png 1203w\" sizes=\"auto, (max-width: 840px) 100vw, 840px\" \/><\/p>\n<p><a href=\"http:\/\/www.musiquem.fr\/college\/wp-content\/uploads\/2016\/12\/56-kbps.mp3\">56\u00a0kbps (faire un clic droit, enregistrer la cible du lien sous)<\/a><\/p>\n<p><a href=\"http:\/\/www.musiquem.fr\/college\/wp-content\/uploads\/2016\/12\/128-kbps.mp3\">128\u00a0kbps<\/a> (faire un clic droit, enregistrer la cible du lien sous)<\/p>\n<p>fichier format qualit\u00e9\u00a0cd (\u00e0 venir)<\/p>\n<p>Musique du collectif Asian Dub Foundation<\/p>\n","protected":false},"excerpt":{"rendered":"<p>Acc\u00e9der au padlet D\u00e9poser les exercices sur le padlet en cliquant sur le lien de votre classe ci-dessous\u00a0: 4e\u00a0PAB 4e\u00a0Gr\u00e8ce 4e\u00a0Pologne 4e\u00a0Su\u00e8de 4e\u00a0Luxembourg &nbsp; Comment d\u00e9poser un fichier sur un padlet\u2009? Regarder la vid\u00e9o ci-dessous. Tester le mat\u00e9riel chez soi en t\u00e9l\u00e9chargeant ces 3\u00a0extraits\u00a0: 56\u00a0kbps (faire un clic droit, enregistrer la cible du lien sous) &hellip; <a href=\"http:\/\/www.musiquem.fr\/college\/sequence-3-4eme-les-risques-auditifs\/\" class=\"more-link\">Continuer la lecture de <span class=\"screen-reader-text\">S\u00e9quence 4 &#8211; 4\u00e8me : les risques auditifs<\/span>  <span class=\"meta-nav\">&rarr;<\/span><\/a><\/p>\n","protected":false},"author":1,"featured_media":0,"parent":0,"menu_order":0,"comment_status":"closed","ping_status":"closed","template":"","meta":{"footnotes":""},"class_list":["post-198","page","type-page","status-publish","hentry"],"_links":{"self":[{"href":"http:\/\/www.musiquem.fr\/college\/wp-json\/wp\/v2\/pages\/198","targetHints":{"allow":["GET"]}}],"collection":[{"href":"http:\/\/www.musiquem.fr\/college\/wp-json\/wp\/v2\/pages"}],"about":[{"href":"http:\/\/www.musiquem.fr\/college\/wp-json\/wp\/v2\/types\/page"}],"author":[{"embeddable":true,"href":"http:\/\/www.musiquem.fr\/college\/wp-json\/wp\/v2\/users\/1"}],"replies":[{"embeddable":true,"href":"http:\/\/www.musiquem.fr\/college\/wp-json\/wp\/v2\/comments?post=198"}],"version-history":[{"count":9,"href":"http:\/\/www.musiquem.fr\/college\/wp-json\/wp\/v2\/pages\/198\/revisions"}],"predecessor-version":[{"id":1219,"href":"http:\/\/www.musiquem.fr\/college\/wp-json\/wp\/v2\/pages\/198\/revisions\/1219"}],"wp:attachment":[{"href":"http:\/\/www.musiquem.fr\/college\/wp-json\/wp\/v2\/media?parent=198"}],"curies":[{"name":"wp","href":"https:\/\/api.w.org\/{rel}","templated":true}]}}