{"id":38,"date":"2016-09-02T22:30:58","date_gmt":"2016-09-02T20:30:58","guid":{"rendered":"http:\/\/www.musiquem.fr\/college\/?page_id=38"},"modified":"2019-08-19T11:28:31","modified_gmt":"2019-08-19T09:28:31","slug":"sequence-4-6eme","status":"publish","type":"page","link":"http:\/\/www.musiquem.fr\/college\/sequence-4-6eme\/","title":{"rendered":"S\u00e9quence 4 &#8211; 6\u00e8me : Peut-on donner du caract\u00e8re \u00e0 une musique"},"content":{"rendered":"<p>en construction<\/p>\n","protected":false},"excerpt":{"rendered":"<p>en construction<\/p>\n","protected":false},"author":1,"featured_media":0,"parent":0,"menu_order":0,"comment_status":"closed","ping_status":"closed","template":"","meta":{"footnotes":""},"class_list":["post-38","page","type-page","status-publish","hentry"],"_links":{"self":[{"href":"http:\/\/www.musiquem.fr\/college\/wp-json\/wp\/v2\/pages\/38","targetHints":{"allow":["GET"]}}],"collection":[{"href":"http:\/\/www.musiquem.fr\/college\/wp-json\/wp\/v2\/pages"}],"about":[{"href":"http:\/\/www.musiquem.fr\/college\/wp-json\/wp\/v2\/types\/page"}],"author":[{"embeddable":true,"href":"http:\/\/www.musiquem.fr\/college\/wp-json\/wp\/v2\/users\/1"}],"replies":[{"embeddable":true,"href":"http:\/\/www.musiquem.fr\/college\/wp-json\/wp\/v2\/comments?post=38"}],"version-history":[{"count":3,"href":"http:\/\/www.musiquem.fr\/college\/wp-json\/wp\/v2\/pages\/38\/revisions"}],"predecessor-version":[{"id":904,"href":"http:\/\/www.musiquem.fr\/college\/wp-json\/wp\/v2\/pages\/38\/revisions\/904"}],"wp:attachment":[{"href":"http:\/\/www.musiquem.fr\/college\/wp-json\/wp\/v2\/media?parent=38"}],"curies":[{"name":"wp","href":"https:\/\/api.w.org\/{rel}","templated":true}]}}