{"id":404,"date":"2017-10-27T12:53:25","date_gmt":"2017-10-27T10:53:25","guid":{"rendered":"http:\/\/www.musiquem.fr\/college\/?page_id=404"},"modified":"2019-12-15T21:52:00","modified_gmt":"2019-12-15T20:52:00","slug":"sequence-2-5eme-danse","status":"publish","type":"page","link":"http:\/\/www.musiquem.fr\/college\/sequence-2-5eme-danse\/","title":{"rendered":"s\u00e9quence 2 &#8211; 5\u00e8me : Danse"},"content":{"rendered":"<h3><strong>Pourquoi danse-t-on ?<\/strong><\/h3>\n<div style=\"position: relative; top: 0; left: -175px; width: 175%; height: 175%;\">\n<div class=\"container-wrapper-genially\" style=\"position: relative; min-height: 400px; max-width: 100%;\">\n<p><img decoding=\"async\" class=\"loader-genially\" style=\"position: absolute; top: 0; right: 0; bottom: 0; left: 0; z-index: 1; width: 80px; height: 80px; margin: auto;\" src=\"https:\/\/genially.blob.core.windows.net\/genially\/version3.0\/loader.gif\" \/><\/p>\n<div id=\"59eeff1b0b9c24060cb7c762\" class=\"genially-embed\" style=\"margin: 0px auto; position: relative; height: auto; width: 100%;\"><\/div>\n<\/div>\n<p><script>(function (d) { var js, id = \"genially-embed-js\", ref = d.getElementsByTagName(\"script\")[0]; if (d.getElementById(id)) { return; } js = d.createElement(\"script\"); js.id = id; js.async = true; js.src = \"https:\/\/view.genial.ly\/static\/embed\/embed.js\"; ref.parentNode.insertBefore(js, ref); }(document));<\/script><\/p>\n<\/div>\n<p><img loading=\"lazy\" decoding=\"async\" class=\"alignleft wp-image-427 \" src=\"http:\/\/www.musiquem.fr\/college\/wp-content\/uploads\/2017\/10\/Capture-d\u00e9cran-2017-10-27-12.39.01-214x300.png\" alt=\"\" width=\"117\" height=\"164\" srcset=\"http:\/\/www.musiquem.fr\/college\/wp-content\/uploads\/2017\/10\/Capture-d\u00e9cran-2017-10-27-12.39.01-214x300.png 214w, http:\/\/www.musiquem.fr\/college\/wp-content\/uploads\/2017\/10\/Capture-d\u00e9cran-2017-10-27-12.39.01.png 290w\" sizes=\"auto, (max-width: 117px) 100vw, 117px\" \/><\/p>\n<p>&nbsp;<\/p>\n<p><a href=\"http:\/\/www.musiquem.fr\/college\/wp-content\/uploads\/2017\/10\/fiche-de-cours.pdf\">fiche de cours<\/a><\/p>\n<p>&nbsp;<\/p>\n<p>&nbsp;<\/p>\n<h3><strong>Le chant\u00a0<\/strong><\/h3>\n<p><iframe loading=\"lazy\" src=\"https:\/\/www.youtube.com\/embed\/915OnMi0z5w\" width=\"360\" height=\"215\" frameborder=\"0\" allowfullscreen=\"allowfullscreen\"><\/iframe><\/p>\n<h3><strong>Exercice de d\u00e9placement<\/strong><\/h3>\n<p><a href=\"http:\/\/www.musiquem.fr\/college\/sequence-2-5eme\/\">Rendez-vous sur cette page<\/a><\/p>\n<h3><strong>oeuvre de r\u00e9f\u00e9rence<\/strong><\/h3>\n<p><iframe loading=\"lazy\" src=\"https:\/\/www.youtube.com\/embed\/xFN4OWFdCRk\" width=\"360\" height=\"215\" frameborder=\"0\" allowfullscreen=\"allowfullscreen\"><\/iframe><br \/>\n<iframe loading=\"lazy\" src=\"https:\/\/www.youtube.com\/embed\/3zegtH-acXE\" width=\"360\" height=\"215\" frameborder=\"0\" allowfullscreen=\"allowfullscreen\"><\/iframe><\/p>\n<h3><strong>Capsules<\/strong><\/h3>\n<p>Qu&rsquo;est-ce que la pulsation ? (N. Olivier)<br \/>\n<iframe loading=\"lazy\" src=\"https:\/\/www.youtube.com\/embed\/QGSxXppYuI4\" width=\"360\" height=\"215\" frameborder=\"0\" allowfullscreen=\"allowfullscreen\"><\/iframe><\/p>\n<p>Qu&rsquo;est qu&rsquo;une mesure ? (L. Vince)<br \/>\n<iframe loading=\"lazy\" src=\"https:\/\/www.youtube.com\/embed\/tB3IgDQm_cI\" width=\"360\" height=\"215\" frameborder=\"0\" allowfullscreen=\"allowfullscreen\"><\/iframe><\/p>\n<p>Qu&rsquo;est-ce que le tempo ? (N. Olivier)<br \/>\n<iframe loading=\"lazy\" src=\"https:\/\/www.youtube.com\/embed\/0Hez5ZkMlUE\" width=\"360\" height=\"215\" frameborder=\"0\" allowfullscreen=\"allowfullscreen\"><\/iframe><\/p>\n<p><a href=\"https:\/\/view.genial.ly\/5df694dda088af0ef3871cd7\">evaluation<\/a><\/p>\n","protected":false},"excerpt":{"rendered":"<p>Pourquoi danse-t-on ? &nbsp; fiche de cours &nbsp; &nbsp; Le chant\u00a0 Exercice de d\u00e9placement Rendez-vous sur cette page oeuvre de r\u00e9f\u00e9rence Capsules Qu&rsquo;est-ce que la pulsation ? (N. Olivier) Qu&rsquo;est qu&rsquo;une mesure ? (L. Vince) Qu&rsquo;est-ce que le tempo ? (N. Olivier) evaluation<\/p>\n","protected":false},"author":1,"featured_media":0,"parent":0,"menu_order":0,"comment_status":"closed","ping_status":"closed","template":"","meta":{"footnotes":""},"class_list":["post-404","page","type-page","status-publish","hentry"],"_links":{"self":[{"href":"http:\/\/www.musiquem.fr\/college\/wp-json\/wp\/v2\/pages\/404","targetHints":{"allow":["GET"]}}],"collection":[{"href":"http:\/\/www.musiquem.fr\/college\/wp-json\/wp\/v2\/pages"}],"about":[{"href":"http:\/\/www.musiquem.fr\/college\/wp-json\/wp\/v2\/types\/page"}],"author":[{"embeddable":true,"href":"http:\/\/www.musiquem.fr\/college\/wp-json\/wp\/v2\/users\/1"}],"replies":[{"embeddable":true,"href":"http:\/\/www.musiquem.fr\/college\/wp-json\/wp\/v2\/comments?post=404"}],"version-history":[{"count":12,"href":"http:\/\/www.musiquem.fr\/college\/wp-json\/wp\/v2\/pages\/404\/revisions"}],"predecessor-version":[{"id":1015,"href":"http:\/\/www.musiquem.fr\/college\/wp-json\/wp\/v2\/pages\/404\/revisions\/1015"}],"wp:attachment":[{"href":"http:\/\/www.musiquem.fr\/college\/wp-json\/wp\/v2\/media?parent=404"}],"curies":[{"name":"wp","href":"https:\/\/api.w.org\/{rel}","templated":true}]}}