{"id":487,"date":"2018-01-03T15:50:24","date_gmt":"2018-01-03T14:50:24","guid":{"rendered":"http:\/\/www.musiquem.fr\/college\/?page_id=487"},"modified":"2020-05-20T10:49:04","modified_gmt":"2020-05-20T08:49:04","slug":"sequence-2-4eme-corpse-bride","status":"publish","type":"page","link":"http:\/\/www.musiquem.fr\/college\/sequence-2-4eme-corpse-bride\/","title":{"rendered":"S\u00e9quence 3 &#8211; 4\u00e8me : Corpse Bride"},"content":{"rendered":"<h2>Corpse Bride<\/h2>\n<p>Pendant cette s\u00e9quence, votre ilot devra relever diff\u00e9rents d\u00e9fis dans l\u2019ordre que vous souhaitez. Vous aurez 7\u00a0semaines. Attention, le temps passe vite. Tout le cours est disponible sur le Genially ci-dessous.<\/p>\n<div style=\"width: 100%;\">\n<div style=\"position: relative; padding-bottom: 56.25%; padding-top: 0; height: 0;\"><iframe loading=\"lazy\" style=\"position: absolute; top: 0; left: 0; width: 100%; height: 100%;\" src=\"https:\/\/view.genial.ly\/5be6b6378b98685ad66abd0e\" width=\"1600px\" height=\"900px\" frameborder=\"0\" scrolling=\"yes\" allowfullscreen=\"allowfullscreen\"><\/iframe><\/div>\n<\/div>\n<p>Pour une meilleure navigation, mettre le mode plein \u00e9cran. Pour cela, cliquez sur les 3\u00a0petits points en bas \u00e0 droite du Genially et activez le mode plein \u00e9cran. Si vous n\u2019y arrivez pas, cliquez sur <a href=\"https:\/\/view.genial.ly\/5be6b6378b98685ad66abd0e\">ce lien.<\/a><\/p>\n<p><iframe loading=\"lazy\" src=\"https:\/\/www.youtube.com\/embed\/nCVrDfOxCmw\" width=\"360\" height=\"215\" frameborder=\"0\" allowfullscreen=\"allowfullscreen\"><\/iframe><\/p>\n","protected":false},"excerpt":{"rendered":"<p>Corpse Bride Pendant cette s\u00e9quence, votre ilot devra relever diff\u00e9rents d\u00e9fis dans l\u2019ordre que vous souhaitez. Vous aurez 7\u00a0semaines. Attention, le temps passe vite. Tout le cours est disponible sur le Genially ci-dessous. Pour une meilleure navigation, mettre le mode plein \u00e9cran. Pour cela, cliquez sur les 3\u00a0petits points en bas \u00e0 droite du Genially &hellip; <a href=\"http:\/\/www.musiquem.fr\/college\/sequence-2-4eme-corpse-bride\/\" class=\"more-link\">Continuer la lecture de <span class=\"screen-reader-text\">S\u00e9quence 3 &#8211; 4\u00e8me : Corpse Bride<\/span>  <span class=\"meta-nav\">&rarr;<\/span><\/a><\/p>\n","protected":false},"author":1,"featured_media":0,"parent":0,"menu_order":0,"comment_status":"closed","ping_status":"closed","template":"","meta":{"footnotes":""},"class_list":["post-487","page","type-page","status-publish","hentry"],"_links":{"self":[{"href":"http:\/\/www.musiquem.fr\/college\/wp-json\/wp\/v2\/pages\/487","targetHints":{"allow":["GET"]}}],"collection":[{"href":"http:\/\/www.musiquem.fr\/college\/wp-json\/wp\/v2\/pages"}],"about":[{"href":"http:\/\/www.musiquem.fr\/college\/wp-json\/wp\/v2\/types\/page"}],"author":[{"embeddable":true,"href":"http:\/\/www.musiquem.fr\/college\/wp-json\/wp\/v2\/users\/1"}],"replies":[{"embeddable":true,"href":"http:\/\/www.musiquem.fr\/college\/wp-json\/wp\/v2\/comments?post=487"}],"version-history":[{"count":11,"href":"http:\/\/www.musiquem.fr\/college\/wp-json\/wp\/v2\/pages\/487\/revisions"}],"predecessor-version":[{"id":1224,"href":"http:\/\/www.musiquem.fr\/college\/wp-json\/wp\/v2\/pages\/487\/revisions\/1224"}],"wp:attachment":[{"href":"http:\/\/www.musiquem.fr\/college\/wp-json\/wp\/v2\/media?parent=487"}],"curies":[{"name":"wp","href":"https:\/\/api.w.org\/{rel}","templated":true}]}}