{"id":52,"date":"2016-09-21T18:29:43","date_gmt":"2016-09-21T16:29:43","guid":{"rendered":"http:\/\/www.musiquem.fr\/college\/?page_id=52"},"modified":"2020-05-20T10:52:08","modified_gmt":"2020-05-20T08:52:08","slug":"sequence-1-5eme-excalibur","status":"publish","type":"page","link":"http:\/\/www.musiquem.fr\/college\/sequence-1-5eme-excalibur\/","title":{"rendered":"S\u00e9quence 1 &#8211; 5\u00e8me : Excalibur"},"content":{"rendered":"<p>Pendant cette s\u00e9quence, vous allez devoir relever 4\u00a0d\u00e9fis qui vous permettront d\u2019obtenir des indices pour retrouver Excalibur, la c\u00e9l\u00e8bre \u00e9p\u00e9e du roi Arthur.<\/p>\n<div style=\"width: 100%;\">\n<div style=\"position: relative; padding-bottom: 56.25%; padding-top: 0; height: 0;\"><iframe loading=\"lazy\" style=\"position: absolute; top: 0; left: 0; width: 100%; height: 100%;\" src=\"https:\/\/view.genial.ly\/5b8baa9d4894e769fdfce05e\" width=\"1200px\" height=\"675px\" frameborder=\"0\" scrolling=\"yes\" allowfullscreen=\"allowfullscreen\"><\/iframe><\/div>\n<\/div>\n<p>&nbsp;<\/p>\n<p><a href=\"https:\/\/padlet.com\/monceaux35\/excalibur\">Pour aller plus loin : Acc\u00e9der au PADLET<\/a><\/p>\n<h4><strong><span style=\"text-decoration: underline;\">Les 4 d\u00e9fis :<\/span><\/strong><\/h4>\n<p><iframe loading=\"lazy\" src=\"https:\/\/www.youtube.com\/embed\/videoseries?list=PL6Gfid79JvFT9stTRh-9ctPXN8bX3q5Pz\" width=\"560\" height=\"315\" frameborder=\"0\" allowfullscreen=\"allowfullscreen\"><\/iframe><\/p>\n<h4><span style=\"text-decoration: underline;\"><strong>Questionnaire :<\/strong><\/span><\/h4>\n<p><a href=\"http:\/\/www.musiquem.fr\/college\/excalibur-semaine-1\/\">Acc\u00e9der au questionnaire de la semaine 1<\/a><\/p>\n<p><a href=\"http:\/\/www.musiquem.fr\/college\/excalibur-semaine-2\/\">Acc\u00e9der au questionnaire de la semaine 2<\/a><\/p>\n<p><a href=\"http:\/\/www.musiquem.fr\/college\/excalibur-semaine-3\/\">Acc\u00e9der au questionnaire de la semaine 3<\/a><\/p>\n<p><a href=\"http:\/\/www.musiquem.fr\/college\/excalibur-semaine-4\/\">Acc\u00e9der au questionnaire de la semaine 4<\/a><\/p>\n<p><iframe loading=\"lazy\" src=\"https:\/\/www.youtube.com\/embed\/vDQIXJRCA-Q\" width=\"560\" height=\"315\" frameborder=\"0\" allowfullscreen=\"allowfullscreen\"><\/iframe><\/p>\n","protected":false},"excerpt":{"rendered":"<p>Pendant cette s\u00e9quence, vous allez devoir relever 4\u00a0d\u00e9fis qui vous permettront d\u2019obtenir des indices pour retrouver Excalibur, la c\u00e9l\u00e8bre \u00e9p\u00e9e du roi Arthur. &nbsp; Pour aller plus loin : Acc\u00e9der au PADLET Les 4 d\u00e9fis : Questionnaire : Acc\u00e9der au questionnaire de la semaine 1 Acc\u00e9der au questionnaire de la semaine 2 Acc\u00e9der au questionnaire &hellip; <a href=\"http:\/\/www.musiquem.fr\/college\/sequence-1-5eme-excalibur\/\" class=\"more-link\">Continuer la lecture de <span class=\"screen-reader-text\">S\u00e9quence 1 &#8211; 5\u00e8me : Excalibur<\/span>  <span class=\"meta-nav\">&rarr;<\/span><\/a><\/p>\n","protected":false},"author":1,"featured_media":0,"parent":0,"menu_order":0,"comment_status":"closed","ping_status":"closed","template":"","meta":{"footnotes":""},"class_list":["post-52","page","type-page","status-publish","hentry"],"_links":{"self":[{"href":"http:\/\/www.musiquem.fr\/college\/wp-json\/wp\/v2\/pages\/52","targetHints":{"allow":["GET"]}}],"collection":[{"href":"http:\/\/www.musiquem.fr\/college\/wp-json\/wp\/v2\/pages"}],"about":[{"href":"http:\/\/www.musiquem.fr\/college\/wp-json\/wp\/v2\/types\/page"}],"author":[{"embeddable":true,"href":"http:\/\/www.musiquem.fr\/college\/wp-json\/wp\/v2\/users\/1"}],"replies":[{"embeddable":true,"href":"http:\/\/www.musiquem.fr\/college\/wp-json\/wp\/v2\/comments?post=52"}],"version-history":[{"count":15,"href":"http:\/\/www.musiquem.fr\/college\/wp-json\/wp\/v2\/pages\/52\/revisions"}],"predecessor-version":[{"id":1228,"href":"http:\/\/www.musiquem.fr\/college\/wp-json\/wp\/v2\/pages\/52\/revisions\/1228"}],"wp:attachment":[{"href":"http:\/\/www.musiquem.fr\/college\/wp-json\/wp\/v2\/media?parent=52"}],"curies":[{"name":"wp","href":"https:\/\/api.w.org\/{rel}","templated":true}]}}