{"id":570,"date":"2018-02-20T18:26:10","date_gmt":"2018-02-20T17:26:10","guid":{"rendered":"http:\/\/www.musiquem.fr\/college\/?page_id=570"},"modified":"2020-05-20T10:55:48","modified_gmt":"2020-05-20T08:55:48","slug":"creation-sur-audacity","status":"publish","type":"page","link":"http:\/\/www.musiquem.fr\/college\/creation-sur-audacity\/","title":{"rendered":"Cr\u00e9ation sur audacity"},"content":{"rendered":"<p><strong>\u00c9tape\u00a01\u00a0: se cr\u00e9er un r\u00e9servoir de son<\/strong><\/p>\n<p>Importez des sons sur Audacity puis exportez les parties qui vous int\u00e9ressent pour votre cr\u00e9ation.<\/p>\n<p><iframe loading=\"lazy\" src=\"https:\/\/www.youtube.com\/embed\/SFmiGCtg0BE\" width=\"360\" height=\"215\" frameborder=\"0\" allowfullscreen=\"allowfullscreen\"><\/iframe><\/p>\n<p><iframe loading=\"lazy\" src=\"https:\/\/www.youtube.com\/embed\/8WVDi-GzBA4\" width=\"360\" height=\"215\" frameborder=\"0\" allowfullscreen=\"allowfullscreen\"><\/iframe><\/p>\n<p>&nbsp;<\/p>\n<p><strong>\u00c9tape\u00a02\u00a0: importez tous vos sons dans un m\u00eame projet puis organisez-les.<\/strong><\/p>\n<p>Bien \u00e9videmment, vous pouvez enchainer des sons, mais aussi les superposer.<\/p>\n<p><iframe loading=\"lazy\" src=\"https:\/\/www.youtube.com\/embed\/5H-qPquFzts\" width=\"360\" height=\"215\" frameborder=\"0\" allowfullscreen=\"allowfullscreen\"><\/iframe><\/p>\n<p><iframe loading=\"lazy\" src=\"https:\/\/www.youtube.com\/embed\/HZ_5VTFZOVE\" width=\"360\" height=\"215\" frameborder=\"0\" allowfullscreen=\"allowfullscreen\"><\/iframe><\/p>\n<p><iframe loading=\"lazy\" src=\"https:\/\/www.youtube.com\/embed\/hvjUnw--vPo\" width=\"360\" height=\"215\" frameborder=\"0\" allowfullscreen=\"allowfullscreen\"><\/iframe><\/p>\n<p><iframe loading=\"lazy\" src=\"https:\/\/www.youtube.com\/embed\/v85FDC5X-Cw\" width=\"360\" height=\"215\" frameborder=\"0\" allowfullscreen=\"allowfullscreen\"><\/iframe><\/p>\n<p>fondre en ouverture ou en fermeture pour que le son soit plus \u00ab\u2009propre\u2009\u00bb<br \/>\n<iframe loading=\"lazy\" src=\"https:\/\/www.youtube.com\/embed\/NLON9JR1oMw\" width=\"360\" height=\"215\" frameborder=\"0\" allowfullscreen=\"allowfullscreen\"><\/iframe><\/p>\n<p><strong>\u00c9tape\u00a03\u00a0: appliquez des effets sur des sons que vous s\u00e9lectionnerez<\/strong><br \/>\n<iframe loading=\"lazy\" src=\"https:\/\/www.youtube.com\/embed\/hMhiZ9xAkNA\" width=\"360\" height=\"215\" frameborder=\"0\" allowfullscreen=\"allowfullscreen\"><\/iframe><br \/>\n<strong>\u00c9tape\u00a04\u00a0: enregistrez le projet Audacity dans classe (nom = les 2\u00a0pr\u00e9noms)<\/strong><\/p>\n<p><iframe loading=\"lazy\" src=\"https:\/\/www.youtube.com\/embed\/B38LOwrQCsY\" width=\"360\" height=\"215\" frameborder=\"0\" allowfullscreen=\"allowfullscreen\"><\/iframe><\/p>\n<p>&nbsp;<\/p>\n<p>&nbsp;<\/p>\n<p><strong>Ressources compl\u00e9mentaires\u00a0: <\/strong>acc\u00e8s \u00e0 tous les tutoriels Audacity<\/p>\n<p><iframe loading=\"lazy\" src=\"https:\/\/www.youtube.com\/embed\/videoseries?list=PL6Gfid79JvFS7ZVZrQhsttgJmqyXgO1Zw\" width=\"560\" height=\"315\" frameborder=\"0\" allowfullscreen=\"allowfullscreen\"><\/iframe><\/p>\n","protected":false},"excerpt":{"rendered":"<p>\u00c9tape\u00a01\u00a0: se cr\u00e9er un r\u00e9servoir de son Importez des sons sur Audacity puis exportez les parties qui vous int\u00e9ressent pour votre cr\u00e9ation. &nbsp; \u00c9tape\u00a02\u00a0: importez tous vos sons dans un m\u00eame projet puis organisez-les. Bien \u00e9videmment, vous pouvez enchainer des sons, mais aussi les superposer. fondre en ouverture ou en fermeture pour que le son &hellip; <a href=\"http:\/\/www.musiquem.fr\/college\/creation-sur-audacity\/\" class=\"more-link\">Continuer la lecture de <span class=\"screen-reader-text\">Cr\u00e9ation sur audacity<\/span>  <span class=\"meta-nav\">&rarr;<\/span><\/a><\/p>\n","protected":false},"author":1,"featured_media":0,"parent":0,"menu_order":0,"comment_status":"closed","ping_status":"closed","template":"","meta":{"footnotes":""},"class_list":["post-570","page","type-page","status-publish","hentry"],"_links":{"self":[{"href":"http:\/\/www.musiquem.fr\/college\/wp-json\/wp\/v2\/pages\/570","targetHints":{"allow":["GET"]}}],"collection":[{"href":"http:\/\/www.musiquem.fr\/college\/wp-json\/wp\/v2\/pages"}],"about":[{"href":"http:\/\/www.musiquem.fr\/college\/wp-json\/wp\/v2\/types\/page"}],"author":[{"embeddable":true,"href":"http:\/\/www.musiquem.fr\/college\/wp-json\/wp\/v2\/users\/1"}],"replies":[{"embeddable":true,"href":"http:\/\/www.musiquem.fr\/college\/wp-json\/wp\/v2\/comments?post=570"}],"version-history":[{"count":6,"href":"http:\/\/www.musiquem.fr\/college\/wp-json\/wp\/v2\/pages\/570\/revisions"}],"predecessor-version":[{"id":1232,"href":"http:\/\/www.musiquem.fr\/college\/wp-json\/wp\/v2\/pages\/570\/revisions\/1232"}],"wp:attachment":[{"href":"http:\/\/www.musiquem.fr\/college\/wp-json\/wp\/v2\/media?parent=570"}],"curies":[{"name":"wp","href":"https:\/\/api.w.org\/{rel}","templated":true}]}}