{"id":633,"date":"2018-05-02T10:30:58","date_gmt":"2018-05-02T08:30:58","guid":{"rendered":"http:\/\/www.musiquem.fr\/college\/?page_id=633"},"modified":"2020-05-20T10:46:38","modified_gmt":"2020-05-20T08:46:38","slug":"sequence-3-timbre-et-couleur","status":"publish","type":"page","link":"http:\/\/www.musiquem.fr\/college\/sequence-3-timbre-et-couleur\/","title":{"rendered":"S\u00e9quence 3 : timbre et couleur"},"content":{"rendered":"<p>T\u00e9l\u00e9charger la fiche de cours<\/p>\n<p><a href=\"http:\/\/www.musiquem.fr\/college\/wp-content\/uploads\/2018\/05\/fiche-de-cours.pdf\"><img loading=\"lazy\" decoding=\"async\" class=\" wp-image-635 alignleft\" src=\"http:\/\/www.musiquem.fr\/college\/wp-content\/uploads\/2018\/05\/timbre.png\" alt=\"\" width=\"114\" height=\"162\" srcset=\"http:\/\/www.musiquem.fr\/college\/wp-content\/uploads\/2018\/05\/timbre.png 370w, http:\/\/www.musiquem.fr\/college\/wp-content\/uploads\/2018\/05\/timbre-211x300.png 211w\" sizes=\"auto, (max-width: 114px) 100vw, 114px\" \/><\/a><\/p>\n<p>Les saisons elles-m\u00eames ont inspir\u00e9 et inspirent encore beaucoup d\u2019artistes, et ce, dans tous les domaines artistiques. La musique, la peinture, la chor\u00e9graphie, les romanciers, les po\u00e8tes, mais aussi les cin\u00e9astes d\u00e9peignent chacun \u00e0 leur mani\u00e8re des paysages rythm\u00e9s au fil des saisons. Mais peut-on v\u00e9ritablement d\u00e9crire un paysage, une saison, seulement avec de la musique\u2009? Est-il possible d\u2019\u00e9voquer des couleurs qu\u2019un peintre utiliserait sur sa toile\u2009? Peut-on \u00e9voquer la douceur d\u2019un hiver paisible, le foisonnement du printemps et la clart\u00e9 de l\u2019\u00e9t\u00e9 et les couleurs de l\u2019automne \u00e0 travers une composition musicale\u2009?<\/p>\n<p><img loading=\"lazy\" decoding=\"async\" class=\"aligncenter size-large wp-image-636\" src=\"http:\/\/www.musiquem.fr\/college\/wp-content\/uploads\/2018\/05\/Capture-d\u00e9cran-2018-05-02-10.18.04-1024x335.png\" alt=\"\" width=\"840\" height=\"275\" srcset=\"http:\/\/www.musiquem.fr\/college\/wp-content\/uploads\/2018\/05\/Capture-d\u00e9cran-2018-05-02-10.18.04-1024x335.png 1024w, http:\/\/www.musiquem.fr\/college\/wp-content\/uploads\/2018\/05\/Capture-d\u00e9cran-2018-05-02-10.18.04-300x98.png 300w, http:\/\/www.musiquem.fr\/college\/wp-content\/uploads\/2018\/05\/Capture-d\u00e9cran-2018-05-02-10.18.04-768x252.png 768w, http:\/\/www.musiquem.fr\/college\/wp-content\/uploads\/2018\/05\/Capture-d\u00e9cran-2018-05-02-10.18.04-1200x393.png 1200w, http:\/\/www.musiquem.fr\/college\/wp-content\/uploads\/2018\/05\/Capture-d\u00e9cran-2018-05-02-10.18.04.png 1282w\" sizes=\"auto, (max-width: 840px) 100vw, 840px\" \/><\/p>\n<p><strong>Lecture de 2\u00a0po\u00e8mes sur les 3 propos\u00e9s\u00a0:<\/strong><\/p>\n<p><iframe loading=\"lazy\" src=\"https:\/\/www.youtube.com\/embed\/WcRJiQpKvWg\" width=\"110\" height=\"110\" frameborder=\"0\" allowfullscreen=\"allowfullscreen\"><\/iframe>\u00a0 <iframe loading=\"lazy\" src=\"https:\/\/www.youtube.com\/embed\/crLqOCI8_AU\" width=\"110\" height=\"110\" frameborder=\"0\" allowfullscreen=\"allowfullscreen\"><\/iframe><\/p>\n<p><strong>Documents ressources (carte mentale + capsule de Sara Toupin)<\/strong><\/p>\n<p><img loading=\"lazy\" decoding=\"async\" class=\"size-medium wp-image-637 alignnone\" src=\"http:\/\/www.musiquem.fr\/college\/wp-content\/uploads\/2018\/05\/timbre-300x214.jpg\" alt=\"\" width=\"300\" height=\"214\" srcset=\"http:\/\/www.musiquem.fr\/college\/wp-content\/uploads\/2018\/05\/timbre-300x214.jpg 300w, http:\/\/www.musiquem.fr\/college\/wp-content\/uploads\/2018\/05\/timbre-768x547.jpg 768w, http:\/\/www.musiquem.fr\/college\/wp-content\/uploads\/2018\/05\/timbre-1024x729.jpg 1024w, http:\/\/www.musiquem.fr\/college\/wp-content\/uploads\/2018\/05\/timbre-1200x854.jpg 1200w\" sizes=\"auto, (max-width: 300px) 100vw, 300px\" \/> <iframe loading=\"lazy\" src=\"https:\/\/www.youtube.com\/embed\/ecX3ejG1eP0\" width=\"260\" height=\"200\" frameborder=\"0\" allowfullscreen=\"allowfullscreen\"><\/iframe><\/p>\n<p>\u00c9couter les instruments (pages interactives de Caroline Pras)\u00a0:<\/p>\n<ul>\n<li><a href=\"http:\/\/www.musiquem.fr\/ressources\/cartable\/Les_Vents.swf\">les vents<\/a><\/li>\n<li><a href=\"http:\/\/www.musiquem.fr\/ressources\/cartable\/Les_Cordes.swf\">les cordes<\/a><\/li>\n<li><a href=\"http:\/\/www.musiquem.fr\/ressources\/cartable\/Les_percussions.swf\">les percussions<\/a><\/li>\n<\/ul>\n<p><strong>Ressources audios\u00a0:<\/strong><\/p>\n<p><a href=\"https:\/\/youtu.be\/HAZbtCTaLQc\">4 saisons d\u2019Antonio Vivaldi (1678-1741),\u00a0<\/a><\/p>\n<p>=&gt; \u00c9tudes de diff\u00e9rentes versions instrumentales (cordes, bois, cuivres, harpe, clavier, etc.)<\/p>\n<p><a href=\"http:\/\/digital.philharmoniedeparis.fr\/CMDA\/CMDA100000300\/default.htm\">Lien vers le guide d\u2019\u00e9coute<\/a><\/p>\n<p>Extraits des Sequenzas de Luciano Berio (1925-2003)<\/p>\n<audio class=\"wp-audio-shortcode\" id=\"audio-633-1\" preload=\"none\" style=\"width: 100%;\" controls=\"controls\"><source type=\"audio\/mpeg\" src=\"http:\/\/www.musiquem.fr\/college\/wp-content\/uploads\/2018\/05\/reconnaissance-instruments-sequenzas.mp3?_=1\" \/><a href=\"http:\/\/www.musiquem.fr\/college\/wp-content\/uploads\/2018\/05\/reconnaissance-instruments-sequenzas.mp3\">http:\/\/www.musiquem.fr\/college\/wp-content\/uploads\/2018\/05\/reconnaissance-instruments-sequenzas.mp3<\/a><\/audio>\n<p>The young person&rsquo;s guide to the orchestra de Benjamin Britten (1913-1076)<\/p>\n<p>&nbsp;<\/p>\n<p><strong>Cr\u00e9ation sur garageband\u00a0:<\/strong><\/p>\n<p><iframe loading=\"lazy\" src=\"https:\/\/www.youtube.com\/embed\/KBqWSivCUgY\" width=\"560\" height=\"315\" frameborder=\"0\" allowfullscreen=\"allowfullscreen\"><\/iframe><\/p>\n<p>&nbsp;<\/p>\n<p>Exemple de r\u00e9sultats\u00a0: mis bout \u00e0 bout, nous avons recr\u00e9\u00e9 un th\u00e8me et variations\u00a0:<\/p>\n<p><iframe loading=\"lazy\" src=\"https:\/\/www.youtube.com\/embed\/o2E40wz0xGM\" width=\"560\" height=\"315\" frameborder=\"0\" allowfullscreen=\"allowfullscreen\"><\/iframe><\/p>\n","protected":false},"excerpt":{"rendered":"<p>T\u00e9l\u00e9charger la fiche de cours Les saisons elles-m\u00eames ont inspir\u00e9 et inspirent encore beaucoup d\u2019artistes, et ce, dans tous les domaines artistiques. La musique, la peinture, la chor\u00e9graphie, les romanciers, les po\u00e8tes, mais aussi les cin\u00e9astes d\u00e9peignent chacun \u00e0 leur mani\u00e8re des paysages rythm\u00e9s au fil des saisons. Mais peut-on v\u00e9ritablement d\u00e9crire un paysage, une &hellip; <a href=\"http:\/\/www.musiquem.fr\/college\/sequence-3-timbre-et-couleur\/\" class=\"more-link\">Continuer la lecture de <span class=\"screen-reader-text\">S\u00e9quence 3 : timbre et couleur<\/span>  <span class=\"meta-nav\">&rarr;<\/span><\/a><\/p>\n","protected":false},"author":1,"featured_media":0,"parent":0,"menu_order":0,"comment_status":"closed","ping_status":"closed","template":"","meta":{"footnotes":""},"class_list":["post-633","page","type-page","status-publish","hentry"],"_links":{"self":[{"href":"http:\/\/www.musiquem.fr\/college\/wp-json\/wp\/v2\/pages\/633","targetHints":{"allow":["GET"]}}],"collection":[{"href":"http:\/\/www.musiquem.fr\/college\/wp-json\/wp\/v2\/pages"}],"about":[{"href":"http:\/\/www.musiquem.fr\/college\/wp-json\/wp\/v2\/types\/page"}],"author":[{"embeddable":true,"href":"http:\/\/www.musiquem.fr\/college\/wp-json\/wp\/v2\/users\/1"}],"replies":[{"embeddable":true,"href":"http:\/\/www.musiquem.fr\/college\/wp-json\/wp\/v2\/comments?post=633"}],"version-history":[{"count":6,"href":"http:\/\/www.musiquem.fr\/college\/wp-json\/wp\/v2\/pages\/633\/revisions"}],"predecessor-version":[{"id":1221,"href":"http:\/\/www.musiquem.fr\/college\/wp-json\/wp\/v2\/pages\/633\/revisions\/1221"}],"wp:attachment":[{"href":"http:\/\/www.musiquem.fr\/college\/wp-json\/wp\/v2\/media?parent=633"}],"curies":[{"name":"wp","href":"https:\/\/api.w.org\/{rel}","templated":true}]}}