{"id":720,"date":"2018-08-18T19:41:05","date_gmt":"2018-08-18T17:41:05","guid":{"rendered":"http:\/\/www.musiquem.fr\/college\/?page_id=720"},"modified":"2018-08-18T19:47:19","modified_gmt":"2018-08-18T17:47:19","slug":"excalibur-semaine-2","status":"publish","type":"page","link":"http:\/\/www.musiquem.fr\/college\/excalibur-semaine-2\/","title":{"rendered":"Excalibur Semaine 2"},"content":{"rendered":"<p><a href=\"http:\/\/www.musiquem.fr\/college\/sequence-1-5eme-excalibur\/\">Retourner \u00e0 la page principale \u00a0<\/a> \u00a0 \u00a0 \u00a0 \u00a0 \u00a0 \u00a0 \u00a0 \u00a0 \u00a0 \u00a0 \u00a0<a href=\"http:\/\/www.musiquem.fr\/college\/excalibur-semaine-3\/\">questionnaire semaine 3<\/a><\/p>\n<p style=\"text-align: right;\"><iframe loading=\"lazy\" src=\"https:\/\/www.youtube.com\/embed\/gymv0u68yis\" width=\"560\" height=\"315\" frameborder=\"0\" allowfullscreen=\"allowfullscreen\"><\/iframe><em>Vid\u00e9o de Nicolas Martello<\/em><\/p>\n<p>Vous avez bien regard\u00e9 la vid\u00e9o ?<\/p>\n<p><a href=\"https:\/\/connect.idoceo.net\" target=\"_blank\" rel=\"noopener\">=&gt; Acc\u00e9dez maintenant au questionnaire<\/a><\/p>\n","protected":false},"excerpt":{"rendered":"<p>Retourner \u00e0 la page principale \u00a0 \u00a0 \u00a0 \u00a0 \u00a0 \u00a0 \u00a0 \u00a0 \u00a0 \u00a0 \u00a0 \u00a0questionnaire semaine 3 Vid\u00e9o de Nicolas Martello Vous avez bien regard\u00e9 la vid\u00e9o ? =&gt; Acc\u00e9dez maintenant au questionnaire<\/p>\n","protected":false},"author":1,"featured_media":0,"parent":0,"menu_order":0,"comment_status":"closed","ping_status":"closed","template":"","meta":{"footnotes":""},"class_list":["post-720","page","type-page","status-publish","hentry"],"_links":{"self":[{"href":"http:\/\/www.musiquem.fr\/college\/wp-json\/wp\/v2\/pages\/720","targetHints":{"allow":["GET"]}}],"collection":[{"href":"http:\/\/www.musiquem.fr\/college\/wp-json\/wp\/v2\/pages"}],"about":[{"href":"http:\/\/www.musiquem.fr\/college\/wp-json\/wp\/v2\/types\/page"}],"author":[{"embeddable":true,"href":"http:\/\/www.musiquem.fr\/college\/wp-json\/wp\/v2\/users\/1"}],"replies":[{"embeddable":true,"href":"http:\/\/www.musiquem.fr\/college\/wp-json\/wp\/v2\/comments?post=720"}],"version-history":[{"count":2,"href":"http:\/\/www.musiquem.fr\/college\/wp-json\/wp\/v2\/pages\/720\/revisions"}],"predecessor-version":[{"id":728,"href":"http:\/\/www.musiquem.fr\/college\/wp-json\/wp\/v2\/pages\/720\/revisions\/728"}],"wp:attachment":[{"href":"http:\/\/www.musiquem.fr\/college\/wp-json\/wp\/v2\/media?parent=720"}],"curies":[{"name":"wp","href":"https:\/\/api.w.org\/{rel}","templated":true}]}}