{"id":74,"date":"2016-09-26T09:31:36","date_gmt":"2016-09-26T07:31:36","guid":{"rendered":"http:\/\/www.musiquem.fr\/college\/?page_id=74"},"modified":"2020-05-20T10:51:00","modified_gmt":"2020-05-20T08:51:00","slug":"sequence-1-4eme","status":"publish","type":"page","link":"http:\/\/www.musiquem.fr\/college\/sequence-1-4eme\/","title":{"rendered":"S\u00e9quence 2 &#8211; 4\u00e8me : Arrangement"},"content":{"rendered":"<p><a href=\"http:\/\/www.musiquem.fr\/college\/wp-content\/uploads\/2016\/09\/fiche-de-cours-4-S1.pdf\" target=\"_blank\" rel=\"noopener\"><img loading=\"lazy\" decoding=\"async\" class=\"alignleft size-medium wp-image-293\" src=\"http:\/\/www.musiquem.fr\/college\/wp-content\/uploads\/2016\/09\/Capture-d\u00e9cran-2017-08-14-11.11.51-210x300.png\" alt=\"\" width=\"210\" height=\"300\" srcset=\"http:\/\/www.musiquem.fr\/college\/wp-content\/uploads\/2016\/09\/Capture-d\u00e9cran-2017-08-14-11.11.51-210x300.png 210w, http:\/\/www.musiquem.fr\/college\/wp-content\/uploads\/2016\/09\/Capture-d\u00e9cran-2017-08-14-11.11.51.png 290w\" sizes=\"auto, (max-width: 210px) 100vw, 210px\" \/>T\u00e9l\u00e9charger les fiches du cours<\/a><\/p>\n<p>&nbsp;<\/p>\n<p><strong>Quelle marge de cr\u00e9ativit\u00e9 poss\u00e8de un artiste lorsque celui-ci veut interpr\u00e9ter une \u0153uvre\u2009?<\/strong><\/p>\n<p>Vous avez s\u00fbrement d\u00e9j\u00e0 \u00e9t\u00e9 confront\u00e9 \u00e0 une reprise musicale. Par exemple, lors des t\u00e9l\u00e9-crochets, les artistes reprennent souvent des chansons connues qu\u2019ils remanient.<br \/>\nDans ce cas, on parle d\u2019interpr\u00e9tation. \u00c0 ce niveau, plusieurs questions peuvent se poser\u00a0: quels param\u00e8tres du son sont remani\u00e9s\u2009? Peut-on avoir plus de libert\u00e9 qu\u2019une simple interpr\u00e9tation\u2009? Peut-on modifier la partition originale\u2009? Et si oui, comment\u2009?<\/p>\n<ul>\n<li>\n<h4><span style=\"text-decoration: underline;\"><strong>Oeuvre \u00e9tudi\u00e9e\u00a0: Erlk\u00f6nig, Schubert<\/strong><\/span><\/h4>\n<\/li>\n<\/ul>\n<p>Voici une playlist qui reprend 13\u00a0versions diff\u00e9rentes de ce lied de Schubert. Vous remarquerez que les interpr\u00e9tations peuvent \u00eatre radicalement diff\u00e9rentes.<br \/>\n<iframe loading=\"lazy\" src=\"https:\/\/www.youtube.com\/embed\/videoseries?list=PL6Gfid79JvFRE4V3K_vLe3Lo-nZ37Y1hu\" width=\"560\" height=\"315\" frameborder=\"0\" allowfullscreen=\"allowfullscreen\" data-mce-fragment=\"1\"><\/iframe><\/p>\n<p>Pour aller plus loin\u00a0: travailler les pages\u00a06, 7, 8 et 9 du livret interactif ci-dessous<\/p>\n<p><a href=\"http:\/\/www.musiquem.fr\/misedon\/4eS1\/\">acc\u00e9der au livret interactif<\/a><\/p>\n<p><a href=\"https:\/\/docs.google.com\/forms\/d\/e\/1FAIpQLSc099bf5OPCgBaxugRZ2afUjQDvfnCI3ghWj-0gOvdwWCl71Q\/viewform\">capsule + questionnaire sur le romantisme (cliquez sur ce lien)<\/a><\/p>\n<ul>\n<li>\n<h4><span style=\"text-decoration: underline;\">La musique romantique<\/span><\/h4>\n<\/li>\n<\/ul>\n<p><iframe loading=\"lazy\" src=\"https:\/\/www.youtube.com\/embed\/3EwBfVI-4f4\" width=\"560\" height=\"315\" frameborder=\"0\" allowfullscreen=\"allowfullscreen\"><\/iframe><\/p>\n<ul>\n<li>\n<h4><span style=\"text-decoration: underline;\"><strong>Le chant de notre s\u00e9quence et l\u2019exercice de cr\u00e9ation<\/strong><\/span><\/h4>\n<\/li>\n<\/ul>\n<p>Voici 12\u00a0versions diff\u00e9rentes de notre projet<\/p>\n<p><iframe loading=\"lazy\" src=\"https:\/\/www.youtube.com\/embed\/videoseries?list=PL6Gfid79JvFSFuQKVpHIaWnFtbWB4TQkr\" width=\"560\" height=\"315\" frameborder=\"0\" allowfullscreen=\"allowfullscreen\"><\/iframe><\/p>\n<p>Vous serez amen\u00e9 \u00e0 proposer votre propre version de ce projet musical, au sein de votre ilot. Avant toute chose, il sera important de d\u00e9finir quel style musical vous souhaitez utiliser.<\/p>\n<p><a href=\"http:\/\/www.musiquem.fr\/college\/wp-content\/uploads\/2016\/09\/Tutoriel-Stand-by-me.pdf\" target=\"_blank\" rel=\"noopener\">T\u00e9l\u00e9charger le tutoriel pour utiliser \u00ab\u2009Smart Guitar\u2009\u00bb, Garage Band<\/a><\/p>\n<p>Enchainement des accords sur smart guitar (garage band)<br \/>\n<iframe loading=\"lazy\" src=\"https:\/\/www.youtube.com\/embed\/PxBMS33Rskg?rel=0\" width=\"560\" height=\"315\" frameborder=\"0\" allowfullscreen=\"allowfullscreen\"><\/iframe><\/p>\n<p>Pour faire la basse\u00a0:<br \/>\n<iframe loading=\"lazy\" src=\"https:\/\/www.youtube.com\/embed\/7zZYhcpmVOw?rel=0\" width=\"560\" height=\"315\" frameborder=\"0\" allowfullscreen=\"allowfullscreen\"><\/iframe><\/p>\n<ul>\n<li>\n<h4><span style=\"text-decoration: underline;\"><strong>\u00c9changer, partager et argumenter<\/strong><\/span><\/h4>\n<\/li>\n<\/ul>\n<p style=\"text-align: center;\">Cliquer sur les images pour les agrandir<\/p>\n<p><a href=\"http:\/\/www.musiquem.fr\/college\/wp-content\/uploads\/2016\/09\/Capture-d\u00e9cran-2017-08-14-14.29.07.png\"><img loading=\"lazy\" decoding=\"async\" class=\"size-medium wp-image-299 aligncenter\" src=\"http:\/\/www.musiquem.fr\/college\/wp-content\/uploads\/2016\/09\/Capture-d\u00e9cran-2017-08-14-14.29.07-300x174.png\" alt=\"\" width=\"300\" height=\"174\" srcset=\"http:\/\/www.musiquem.fr\/college\/wp-content\/uploads\/2016\/09\/Capture-d\u00e9cran-2017-08-14-14.29.07-300x174.png 300w, http:\/\/www.musiquem.fr\/college\/wp-content\/uploads\/2016\/09\/Capture-d\u00e9cran-2017-08-14-14.29.07-768x444.png 768w, http:\/\/www.musiquem.fr\/college\/wp-content\/uploads\/2016\/09\/Capture-d\u00e9cran-2017-08-14-14.29.07-1024x592.png 1024w, http:\/\/www.musiquem.fr\/college\/wp-content\/uploads\/2016\/09\/Capture-d\u00e9cran-2017-08-14-14.29.07-1200x694.png 1200w, http:\/\/www.musiquem.fr\/college\/wp-content\/uploads\/2016\/09\/Capture-d\u00e9cran-2017-08-14-14.29.07.png 1580w\" sizes=\"auto, (max-width: 300px) 100vw, 300px\" \/><\/a><\/p>\n<p><a href=\"http:\/\/www.musiquem.fr\/college\/sequence-1-4eme\/ecran-2017-08-14-14-29-19\/\" rel=\"attachment wp-att-300\"><img loading=\"lazy\" decoding=\"async\" class=\"aligncenter size-medium wp-image-300\" src=\"http:\/\/www.musiquem.fr\/college\/wp-content\/uploads\/2016\/09\/Capture-d\u00e9cran-2017-08-14-14.29.19-300x295.png\" alt=\"\" width=\"300\" height=\"295\" srcset=\"http:\/\/www.musiquem.fr\/college\/wp-content\/uploads\/2016\/09\/Capture-d\u00e9cran-2017-08-14-14.29.19-300x295.png 300w, http:\/\/www.musiquem.fr\/college\/wp-content\/uploads\/2016\/09\/Capture-d\u00e9cran-2017-08-14-14.29.19-768x755.png 768w, http:\/\/www.musiquem.fr\/college\/wp-content\/uploads\/2016\/09\/Capture-d\u00e9cran-2017-08-14-14.29.19-1024x1006.png 1024w, http:\/\/www.musiquem.fr\/college\/wp-content\/uploads\/2016\/09\/Capture-d\u00e9cran-2017-08-14-14.29.19.png 1152w\" sizes=\"auto, (max-width: 300px) 100vw, 300px\" \/><\/a><\/p>\n<p>&nbsp;<\/p>\n<p><iframe loading=\"lazy\" src=\"https:\/\/www.youtube.com\/embed\/tZQ4SPuFzC8?rel=0\" width=\"560\" height=\"315\" frameborder=\"0\" allowfullscreen=\"allowfullscreen\"><\/iframe><\/p>\n<p>&nbsp;<\/p>\n<p><a href=\"https:\/\/view.genial.ly\/5df907696f0ac20f7e16978d\">lien vers le contr\u00f4le<\/a><\/p>\n","protected":false},"excerpt":{"rendered":"<p>T\u00e9l\u00e9charger les fiches du cours &nbsp; Quelle marge de cr\u00e9ativit\u00e9 poss\u00e8de un artiste lorsque celui-ci veut interpr\u00e9ter une \u0153uvre\u2009? Vous avez s\u00fbrement d\u00e9j\u00e0 \u00e9t\u00e9 confront\u00e9 \u00e0 une reprise musicale. Par exemple, lors des t\u00e9l\u00e9-crochets, les artistes reprennent souvent des chansons connues qu\u2019ils remanient. Dans ce cas, on parle d\u2019interpr\u00e9tation. \u00c0 ce niveau, plusieurs questions peuvent &hellip; <a href=\"http:\/\/www.musiquem.fr\/college\/sequence-1-4eme\/\" class=\"more-link\">Continuer la lecture de <span class=\"screen-reader-text\">S\u00e9quence 2 &#8211; 4\u00e8me : Arrangement<\/span>  <span class=\"meta-nav\">&rarr;<\/span><\/a><\/p>\n","protected":false},"author":1,"featured_media":0,"parent":0,"menu_order":0,"comment_status":"closed","ping_status":"closed","template":"","meta":{"footnotes":""},"class_list":["post-74","page","type-page","status-publish","hentry"],"_links":{"self":[{"href":"http:\/\/www.musiquem.fr\/college\/wp-json\/wp\/v2\/pages\/74","targetHints":{"allow":["GET"]}}],"collection":[{"href":"http:\/\/www.musiquem.fr\/college\/wp-json\/wp\/v2\/pages"}],"about":[{"href":"http:\/\/www.musiquem.fr\/college\/wp-json\/wp\/v2\/types\/page"}],"author":[{"embeddable":true,"href":"http:\/\/www.musiquem.fr\/college\/wp-json\/wp\/v2\/users\/1"}],"replies":[{"embeddable":true,"href":"http:\/\/www.musiquem.fr\/college\/wp-json\/wp\/v2\/comments?post=74"}],"version-history":[{"count":20,"href":"http:\/\/www.musiquem.fr\/college\/wp-json\/wp\/v2\/pages\/74\/revisions"}],"predecessor-version":[{"id":1227,"href":"http:\/\/www.musiquem.fr\/college\/wp-json\/wp\/v2\/pages\/74\/revisions\/1227"}],"wp:attachment":[{"href":"http:\/\/www.musiquem.fr\/college\/wp-json\/wp\/v2\/media?parent=74"}],"curies":[{"name":"wp","href":"https:\/\/api.w.org\/{rel}","templated":true}]}}