{"id":81,"date":"2016-09-29T16:16:49","date_gmt":"2016-09-29T14:16:49","guid":{"rendered":"http:\/\/www.musiquem.fr\/college\/?page_id=81"},"modified":"2019-10-13T11:25:27","modified_gmt":"2019-10-13T09:25:27","slug":"sequence-1-3eme-notion-de-style","status":"publish","type":"page","link":"http:\/\/www.musiquem.fr\/college\/sequence-1-3eme-notion-de-style\/","title":{"rendered":"S\u00e9quence 1 &#8211; 3\u00e8me : notion de style"},"content":{"rendered":"<div style=\"position: relative; top: 0; left: -175px; width: 175%; height: 175%;\">\n<div style=\"position: relative; padding-bottom: 56.25%; padding-top: 0; height: 0;\"><iframe loading=\"lazy\" style=\"position: absolute; top: 0; left: 0; width: 100%; height: 100%;\" src=\"https:\/\/view.genial.ly\/5b844712bd67823d271b5f2f\" width=\"1200px\" height=\"675px\" frameborder=\"0\" scrolling=\"yes\" allowfullscreen=\"allowfullscreen\"><span data-mce-type=\"bookmark\" style=\"display: inline-block; width: 0px; overflow: hidden; line-height: 0;\" class=\"mce_SELRES_start\">\ufeff<\/span><span data-mce-type=\"bookmark\" style=\"display: inline-block; width: 0px; overflow: hidden; line-height: 0;\" class=\"mce_SELRES_start\">\ufeff<\/span><span data-mce-type=\"bookmark\" style=\"display: inline-block; width: 0px; overflow: hidden; line-height: 0;\" class=\"mce_SELRES_start\">\ufeff<\/span><\/iframe><\/div>\n<\/div>\n<p>&nbsp;<\/p>\n<p>Pour une meilleure visibilit\u00e9 de l&rsquo;image interactive ci-dessus, mettez en plain \u00e9cran en cliquant sur les 3 petits points en bas \u00e0 droite de l&rsquo;image.<\/p>\n<iframe src='http:\/\/padlet.com\/embed\/5mq49fcoyaen' frameborder=0 width='100%' height='480px' style='padding:0;margin:0;border:none'><\/iframe><div style='border-top:2px solid #a7d23a;padding:8px;margin:0;font-size:12px;text-align:right'><a href='http:\/\/wallwisher.com' style='color:#41555f;text-decoration:none'>Created with Padlet<img valign='middle' style='margin:0 0 0 10px;padding:0;border:none;width:16px;height:16px' src='http:\/\/padlet.com\/favicon.ico'><\/a><\/div>\n<p><span style=\"text-decoration: underline;\"><strong>Pour rappel :\u00a0<\/strong><\/span><\/p>\n<p>En classe, nous travaillons sur un style que tu ne connais peut \u00eatre pas, le style baroque. Essaie, toi-aussi, de nous faire d\u00e9couvrir un style que tu aimes bien. Un expos\u00e9 sera r\u00e9alis\u00e9 par ilot. <a href=\"http:\/\/www.musiquem.fr\/college\/sequence-1-3eme-notion-de-style\/fiche-de-suivi-pour-la-creation-dun-expose-sur-un-style-de-ton-choix1\/\" rel=\"attachment wp-att-311\">Fiche de suivi pour la cr\u00e9ation d\u2019un expos\u00e9 sur un style de ton choix(1)<\/a><\/p>\n<p>&nbsp;<\/p>\n<p>&nbsp;<\/p>\n","protected":false},"excerpt":{"rendered":"<p>\ufeff\ufeff\ufeff &nbsp; Pour une meilleure visibilit\u00e9 de l&rsquo;image interactive ci-dessus, mettez en plain \u00e9cran en cliquant sur les 3 petits points en bas \u00e0 droite de l&rsquo;image. Pour rappel :\u00a0 En classe, nous travaillons sur un style que tu ne connais peut \u00eatre pas, le style baroque. Essaie, toi-aussi, de nous faire d\u00e9couvrir un style &hellip; <a href=\"http:\/\/www.musiquem.fr\/college\/sequence-1-3eme-notion-de-style\/\" class=\"more-link\">Continuer la lecture de <span class=\"screen-reader-text\">S\u00e9quence 1 &#8211; 3\u00e8me : notion de style<\/span>  <span class=\"meta-nav\">&rarr;<\/span><\/a><\/p>\n","protected":false},"author":1,"featured_media":0,"parent":0,"menu_order":0,"comment_status":"closed","ping_status":"closed","template":"","meta":{"footnotes":""},"class_list":["post-81","page","type-page","status-publish","hentry"],"_links":{"self":[{"href":"http:\/\/www.musiquem.fr\/college\/wp-json\/wp\/v2\/pages\/81","targetHints":{"allow":["GET"]}}],"collection":[{"href":"http:\/\/www.musiquem.fr\/college\/wp-json\/wp\/v2\/pages"}],"about":[{"href":"http:\/\/www.musiquem.fr\/college\/wp-json\/wp\/v2\/types\/page"}],"author":[{"embeddable":true,"href":"http:\/\/www.musiquem.fr\/college\/wp-json\/wp\/v2\/users\/1"}],"replies":[{"embeddable":true,"href":"http:\/\/www.musiquem.fr\/college\/wp-json\/wp\/v2\/comments?post=81"}],"version-history":[{"count":19,"href":"http:\/\/www.musiquem.fr\/college\/wp-json\/wp\/v2\/pages\/81\/revisions"}],"predecessor-version":[{"id":1440,"href":"http:\/\/www.musiquem.fr\/college\/wp-json\/wp\/v2\/pages\/81\/revisions\/1440"}],"wp:attachment":[{"href":"http:\/\/www.musiquem.fr\/college\/wp-json\/wp\/v2\/media?parent=81"}],"curies":[{"name":"wp","href":"https:\/\/api.w.org\/{rel}","templated":true}]}}