{"id":855,"date":"2019-03-09T11:27:09","date_gmt":"2019-03-09T10:27:09","guid":{"rendered":"http:\/\/www.musiquem.fr\/college\/?page_id=855"},"modified":"2020-05-20T10:45:32","modified_gmt":"2020-05-20T08:45:32","slug":"sequence-3-3eme-cest-par-ici-emission-radio","status":"publish","type":"page","link":"http:\/\/www.musiquem.fr\/college\/sequence-3-3eme-cest-par-ici-emission-radio\/","title":{"rendered":"S\u00e9quence 4 &#8211; 3\u00e8me : \u00ab\u00a0C&rsquo;est par ici\u00a0\u00bb \u00c9mission Radio"},"content":{"rendered":"<p><a href=\"http:\/\/www.musiquem.fr\/college\/wp-content\/uploads\/2019\/03\/fiche-de-cours-radio.pdf\"><img loading=\"lazy\" decoding=\"async\" class=\"alignright size-medium wp-image-857\" src=\"http:\/\/www.musiquem.fr\/college\/wp-content\/uploads\/2019\/03\/Capture-d\u00e9cran-2019-03-09-11.23.31-216x300.png\" alt=\"\" width=\"216\" height=\"300\" srcset=\"http:\/\/www.musiquem.fr\/college\/wp-content\/uploads\/2019\/03\/Capture-d\u00e9cran-2019-03-09-11.23.31-216x300.png 216w, http:\/\/www.musiquem.fr\/college\/wp-content\/uploads\/2019\/03\/Capture-d\u00e9cran-2019-03-09-11.23.31.png 358w\" sizes=\"auto, (max-width: 216px) 100vw, 216px\" \/><\/a>Nous allons cr\u00e9er une grande \u00e9mission radio. \u00ab\u2009C\u2019est par ici\u2009!\u2009\u00bb est une \u00e9mission qui vous permettra d\u2019explorer la production musicale \u00e0 travers tout le d\u00e9partement de la Mayenne. Vous \u00e9tudierez quelques productions de cette ann\u00e9e (2018-2019), pass\u00e9es ou \u00e0 venir. Vous devrez veiller \u00e0 bien r\u00e9pondre au cahier des charges que vous trouverez dans ces documents. Quel type de chronique allez-vous produire\u2009?<br \/>\nLe projet musical s\u2019appuiera sur une production musicale que vous choisirez. Bien \u00e9videmment, le titre s\u00e9lectionn\u00e9 devra \u00eatre choisi parmi les diff\u00e9rentes programmations effectu\u00e9es ou \u00e0 venir dans le d\u00e9partement.<\/p>\n<p><a href=\"https:\/\/padlet.com\/monceaux35\/chants3emes\">Acc\u00e9der au padlet pour choisir un titre pour votre production<\/a><\/p>\n<p>https:\/\/padlet.com\/monceaux35\/chants3emes<\/p>\n<p>=&gt; <a href=\"http:\/\/www.musiquem.fr\/college\/web-radio-du-college-misedon-les-podcasts\/\">Acc\u00e9der aux podcasts de l\u2019\u00e9mission<\/a> (mot de passe requis)<\/p>\n<p>Ci-dessous, vous trouverez un genially qui vous permettra d\u2019explorer la programmation\u00a02018-2019<\/p>\n<p>Celui-ci a \u00e9t\u00e9 construit gr\u00e2ce au site <a href=\"https:\/\/www.bouger-en-mayenne.com\/\">Bouger En Mayenne<\/a><\/p>\n<div style=\"width: 100%;\">\n<div style=\"position: relative; padding-bottom: 56.25%; padding-top: 0; height: 0;\"><iframe loading=\"lazy\" style=\"position: absolute; top: 0; left: 0; width: 100%; height: 100%;\" src=\"https:\/\/view.genial.ly\/5c7ba3dca159c776290f977a\" width=\"1200px\" height=\"675px\" frameborder=\"0\" scrolling=\"yes\" allowfullscreen=\"allowfullscreen\"><\/iframe><\/div>\n<\/div>\n<p>&nbsp;<\/p>\n<p><a href=\"https:\/\/view.genial.ly\/5c7ba3dca159c776290f977a\">Voir le genially en plein \u00e9cran<\/a><\/p>\n<p>&nbsp;<\/p>\n","protected":false},"excerpt":{"rendered":"<p>Nous allons cr\u00e9er une grande \u00e9mission radio. \u00ab\u2009C\u2019est par ici\u2009!\u2009\u00bb est une \u00e9mission qui vous permettra d\u2019explorer la production musicale \u00e0 travers tout le d\u00e9partement de la Mayenne. Vous \u00e9tudierez quelques productions de cette ann\u00e9e (2018-2019), pass\u00e9es ou \u00e0 venir. Vous devrez veiller \u00e0 bien r\u00e9pondre au cahier des charges que vous trouverez dans ces &hellip; <a href=\"http:\/\/www.musiquem.fr\/college\/sequence-3-3eme-cest-par-ici-emission-radio\/\" class=\"more-link\">Continuer la lecture de <span class=\"screen-reader-text\">S\u00e9quence 4 &#8211; 3\u00e8me : \u00ab\u00a0C&rsquo;est par ici\u00a0\u00bb \u00c9mission Radio<\/span>  <span class=\"meta-nav\">&rarr;<\/span><\/a><\/p>\n","protected":false},"author":1,"featured_media":0,"parent":0,"menu_order":0,"comment_status":"closed","ping_status":"closed","template":"","meta":{"footnotes":""},"class_list":["post-855","page","type-page","status-publish","hentry"],"_links":{"self":[{"href":"http:\/\/www.musiquem.fr\/college\/wp-json\/wp\/v2\/pages\/855","targetHints":{"allow":["GET"]}}],"collection":[{"href":"http:\/\/www.musiquem.fr\/college\/wp-json\/wp\/v2\/pages"}],"about":[{"href":"http:\/\/www.musiquem.fr\/college\/wp-json\/wp\/v2\/types\/page"}],"author":[{"embeddable":true,"href":"http:\/\/www.musiquem.fr\/college\/wp-json\/wp\/v2\/users\/1"}],"replies":[{"embeddable":true,"href":"http:\/\/www.musiquem.fr\/college\/wp-json\/wp\/v2\/comments?post=855"}],"version-history":[{"count":6,"href":"http:\/\/www.musiquem.fr\/college\/wp-json\/wp\/v2\/pages\/855\/revisions"}],"predecessor-version":[{"id":1220,"href":"http:\/\/www.musiquem.fr\/college\/wp-json\/wp\/v2\/pages\/855\/revisions\/1220"}],"wp:attachment":[{"href":"http:\/\/www.musiquem.fr\/college\/wp-json\/wp\/v2\/media?parent=855"}],"curies":[{"name":"wp","href":"https:\/\/api.w.org\/{rel}","templated":true}]}}