{"id":905,"date":"2019-08-19T11:31:17","date_gmt":"2019-08-19T09:31:17","guid":{"rendered":"http:\/\/www.musiquem.fr\/college\/?page_id=905"},"modified":"2019-08-20T10:16:46","modified_gmt":"2019-08-20T08:16:46","slug":"sequence-5-6eme-escape-game-revisions-de-lannee","status":"publish","type":"page","link":"http:\/\/www.musiquem.fr\/college\/sequence-5-6eme-escape-game-revisions-de-lannee\/","title":{"rendered":"S\u00e9quence 5 &#8211; 6\u00e8me : Escape Game, r\u00e9visions de l&rsquo;ann\u00e9e"},"content":{"rendered":"<div style=\"position: relative; top: 0; left: -175px; width: 175%; height: 175%;\">\n<div style=\"position: relative; padding-bottom: 56.25%; padding-top: 0; height: 0;\"><iframe loading=\"lazy\" frameborder=\"0\" width=\"1200\" height=\"675\" style=\"position: absolute; top: 0; left: 0; width: 100%; height: 100%;\" src=\"https:\/\/view.genial.ly\/5af5716c44f5dc777271a16e\" type=\"text\/html\" allowscriptaccess=\"always\" allowfullscreen=\"true\" scrolling=\"yes\" allownetworking=\"all\"><\/iframe> <\/div>\n<\/p><\/div>\n","protected":false},"excerpt":{"rendered":"","protected":false},"author":1,"featured_media":0,"parent":0,"menu_order":0,"comment_status":"closed","ping_status":"closed","template":"","meta":{"footnotes":""},"class_list":["post-905","page","type-page","status-publish","hentry"],"_links":{"self":[{"href":"http:\/\/www.musiquem.fr\/college\/wp-json\/wp\/v2\/pages\/905","targetHints":{"allow":["GET"]}}],"collection":[{"href":"http:\/\/www.musiquem.fr\/college\/wp-json\/wp\/v2\/pages"}],"about":[{"href":"http:\/\/www.musiquem.fr\/college\/wp-json\/wp\/v2\/types\/page"}],"author":[{"embeddable":true,"href":"http:\/\/www.musiquem.fr\/college\/wp-json\/wp\/v2\/users\/1"}],"replies":[{"embeddable":true,"href":"http:\/\/www.musiquem.fr\/college\/wp-json\/wp\/v2\/comments?post=905"}],"version-history":[{"count":2,"href":"http:\/\/www.musiquem.fr\/college\/wp-json\/wp\/v2\/pages\/905\/revisions"}],"predecessor-version":[{"id":965,"href":"http:\/\/www.musiquem.fr\/college\/wp-json\/wp\/v2\/pages\/905\/revisions\/965"}],"wp:attachment":[{"href":"http:\/\/www.musiquem.fr\/college\/wp-json\/wp\/v2\/media?parent=905"}],"curies":[{"name":"wp","href":"https:\/\/api.w.org\/{rel}","templated":true}]}}