{"id":925,"date":"2019-08-19T11:44:04","date_gmt":"2019-08-19T09:44:04","guid":{"rendered":"http:\/\/www.musiquem.fr\/college\/?page_id=925"},"modified":"2019-12-17T18:51:47","modified_gmt":"2019-12-17T17:51:47","slug":"sequence-1-3eme-musique-et-racisme","status":"publish","type":"page","link":"https:\/\/www.musiquem.fr\/college\/sequence-1-3eme-musique-et-racisme\/","title":{"rendered":"S\u00e9quence 2 &#8211; 3\u00e8me : musique et racisme"},"content":{"rendered":"<p>=&gt; 3 \u0153uvres de r\u00e9f\u00e9rences<\/p>\n<h3>1. \u0152uvre qui d\u00e9nonce : Strange fruit<\/h3>\n<p>=&gt; 2 versions \u00e0 comparer<\/p>\n<p><iframe loading=\"lazy\" src=\"https:\/\/www.youtube.com\/embed\/_Y4Rsz8KL7M\" width=\"200\" height=\"100\" frameborder=\"0\" allowfullscreen=\"allowfullscreen\"><\/iframe>\u00a0\u00a0\u00a0\u00a0\u00a0\u00a0\u00a0\u00a0 <iframe loading=\"lazy\" src=\"https:\/\/www.youtube.com\/embed\/ughAVo2ZAag\" width=\"200\" height=\"100\" frameborder=\"0\" allowfullscreen=\"allowfullscreen\"><span style=\"display: inline-block; width: 0px; overflow: hidden; line-height: 0;\" data-mce-type=\"bookmark\" class=\"mce_SELRES_start\">\ufeff<\/span><\/iframe><\/p>\n<h3>2. Art dit d\u00e9g\u00e9n\u00e9r\u00e9, pi\u00e8ces pour piano op.19 de Schoenberg<\/h3>\n<p><iframe loading=\"lazy\" src=\"https:\/\/www.youtube.com\/embed\/h0-4SZGCd_A\" width=\"400\" height=\"215\" frameborder=\"0\" allowfullscreen=\"allowfullscreen\"><span style=\"display: inline-block; width: 0px; overflow: hidden; line-height: 0;\" data-mce-type=\"bookmark\" class=\"mce_SELRES_start\">\ufeff<\/span><\/iframe><\/p>\n<h3>3. \u0152uvre qui rend hommage : O King, Sinfonia, Luciano Berio<\/h3>\n<p><iframe loading=\"lazy\" src=\"https:\/\/www.youtube.com\/embed\/f3lLW12T57w\" width=\"200\" height=\"150\" frameborder=\"0\" allowfullscreen=\"allowfullscreen\"><span style=\"display: inline-block; width: 0px; overflow: hidden; line-height: 0;\" data-mce-type=\"bookmark\" class=\"mce_SELRES_start\">\ufeff<\/span><\/iframe>\u00a0\u00a0\u00a0\u00a0\u00a0\u00a0\u00a0 <iframe loading=\"lazy\" src=\"https:\/\/www.youtube.com\/embed\/XqDFUPUN3U4\" width=\"200\" height=\"150\" frameborder=\"0\" allowfullscreen=\"allowfullscreen\"><span style=\"display: inline-block; width: 0px; overflow: hidden; line-height: 0;\" data-mce-type=\"bookmark\" class=\"mce_SELRES_start\">\ufeff<\/span><\/iframe><\/p>\n<p>&nbsp;<\/p>\n<p>=&gt; T\u00e9l\u00e9charger la <a href=\"http:\/\/www.musiquem.fr\/college\/sequence-1-3eme-musique-et-racisme\/fiche-de-cours-7\/\" rel=\"attachment wp-att-1009\">fiche de cours<\/a><\/p>\n<p>=&gt; Lien vers <a href=\"https:\/\/view.genial.ly\/5df763d267cd900eedcd841b\">le contr\u00f4le<\/a><\/p>\n","protected":false},"excerpt":{"rendered":"<p>=&gt; 3 \u0153uvres de r\u00e9f\u00e9rences 1. \u0152uvre qui d\u00e9nonce : Strange fruit =&gt; 2 versions \u00e0 comparer \u00a0\u00a0\u00a0\u00a0\u00a0\u00a0\u00a0\u00a0 \ufeff 2. Art dit d\u00e9g\u00e9n\u00e9r\u00e9, pi\u00e8ces pour piano op.19 de Schoenberg \ufeff 3. \u0152uvre qui rend hommage : O King, Sinfonia, Luciano Berio \ufeff\u00a0\u00a0\u00a0\u00a0\u00a0\u00a0\u00a0 \ufeff &nbsp; =&gt; T\u00e9l\u00e9charger la fiche de cours =&gt; Lien vers le contr\u00f4le<\/p>\n","protected":false},"author":1,"featured_media":0,"parent":0,"menu_order":0,"comment_status":"closed","ping_status":"closed","template":"","meta":{"footnotes":""},"class_list":["post-925","page","type-page","status-publish","hentry"],"_links":{"self":[{"href":"https:\/\/www.musiquem.fr\/college\/wp-json\/wp\/v2\/pages\/925","targetHints":{"allow":["GET"]}}],"collection":[{"href":"https:\/\/www.musiquem.fr\/college\/wp-json\/wp\/v2\/pages"}],"about":[{"href":"https:\/\/www.musiquem.fr\/college\/wp-json\/wp\/v2\/types\/page"}],"author":[{"embeddable":true,"href":"https:\/\/www.musiquem.fr\/college\/wp-json\/wp\/v2\/users\/1"}],"replies":[{"embeddable":true,"href":"https:\/\/www.musiquem.fr\/college\/wp-json\/wp\/v2\/comments?post=925"}],"version-history":[{"count":5,"href":"https:\/\/www.musiquem.fr\/college\/wp-json\/wp\/v2\/pages\/925\/revisions"}],"predecessor-version":[{"id":1017,"href":"https:\/\/www.musiquem.fr\/college\/wp-json\/wp\/v2\/pages\/925\/revisions\/1017"}],"wp:attachment":[{"href":"https:\/\/www.musiquem.fr\/college\/wp-json\/wp\/v2\/media?parent=925"}],"curies":[{"name":"wp","href":"https:\/\/api.w.org\/{rel}","templated":true}]}}